{"id":149,"date":"2017-09-13T09:20:23","date_gmt":"2017-09-13T08:20:23","guid":{"rendered":"http:\/\/codeless.co\/handel\/project-management\/?page_id=149"},"modified":"2022-08-28T12:05:18","modified_gmt":"2022-08-28T11:05:18","slug":"email-solutions","status":"publish","type":"page","link":"https:\/\/synapse.it\/ro\/email-solutions\/","title":{"rendered":"Solu\u021bii E-mail"},"content":{"rendered":"<p><div class=\"fusion-fullwidth fullwidth-box fusion-builder-row-1 fusion-flex-container nonhundred-percent-fullwidth non-hundred-percent-height-scrolling\" style=\"--awb-border-radius-top-left:0px;--awb-border-radius-top-right:0px;--awb-border-radius-bottom-right:0px;--awb-border-radius-bottom-left:0px;--awb-flex-wrap:wrap;\" ><div class=\"fusion-builder-row fusion-row fusion-flex-align-items-flex-start fusion-flex-content-wrap\" style=\"max-width:1248px;margin-left: calc(-4% \/ 2 );margin-right: calc(-4% \/ 2 );\"><div class=\"fusion-layout-column fusion_builder_column fusion-builder-column-0 fusion_builder_column_1_1 1_1 fusion-flex-column\" style=\"--awb-bg-size:cover;--awb-width-large:100%;--awb-margin-top-large:0px;--awb-spacing-right-large:1.92%;--awb-margin-bottom-large:0px;--awb-spacing-left-large:1.92%;--awb-width-medium:100%;--awb-spacing-right-medium:1.92%;--awb-spacing-left-medium:1.92%;--awb-width-small:100%;--awb-spacing-right-small:1.92%;--awb-spacing-left-small:1.92%;\"><div class=\"fusion-column-wrapper fusion-flex-justify-content-flex-start fusion-content-layout-column\"><div class=\"fusion-image-element\" style=\"text-align:center;--awb-max-width:600px;--awb-caption-title-font-family:var(--h2_typography-font-family);--awb-caption-title-font-weight:var(--h2_typography-font-weight);--awb-caption-title-font-style:var(--h2_typography-font-style);--awb-caption-title-size:var(--h2_typography-font-size);--awb-caption-title-transform:var(--h2_typography-text-transform);--awb-caption-title-line-height:var(--h2_typography-line-height);--awb-caption-title-letter-spacing:var(--h2_typography-letter-spacing);\"><span class=\"fusion-imageframe imageframe-none imageframe-1 hover-type-none\"><img decoding=\"async\" src=\"https:\/\/synapse.it\/wp-content\/uploads\/2022\/03\/emails.jpg\" alt class=\"img-responsive\"\/><\/span><\/div><div class=\"fusion-text fusion-text-1 fusion-text-no-margin\" style=\"--awb-text-transform:none;--awb-margin-top:50px;--awb-margin-bottom:50px;\"><p><span style=\"color: #cc0066;\"><strong>G\u0102ZDUIRE E-MAIL:<\/strong><\/span><\/p>\n<p class=\"translation-block\"><b><mark class=\"highlight\">Synapse<\/mark><\/b> ofer\u0103 solu\u021bii de g\u0103zduire de e-mail sigure \u0219i de \u00eencredere pentru mii de utilizatori, \u00eenc\u0103 din 1998. Avem experien\u021b\u0103 dovedit\u0103, care demonstreaz\u0103 c\u0103 \u0219tim cum s\u0103 oferim o baz\u0103 stabil\u0103 \u0219i fiabil\u0103 pentru nevoile de e-mail ale clien\u021bilor no\u0219tri.<\/p>\n<p class=\"translation-block\"><b>SynapseMail<\/b> este platforma noastr\u0103 hibrid\u0103 <b>Linux (IMAP)<\/b> \u0219i <b>Microsoft Exchange<\/b>, care le ofer\u0103 tuturor clien\u021bilor no\u0219tri flexibilitatea de a adapta sistemul la nevoile lor. Aceast\u0103 caracteristic\u0103 te scute\u0219te de cheltuieli suplimentare pentru componente care nu sunt necesare. Fiecare utilizator poate avea \u00een acest fel doar func\u021bionalit\u0103\u021bile de mailbox care-i sunt necesare la momentul respectiv, \u00een loc s\u0103 fie obligat s\u0103 apeleze la o solu\u021bie unic\u0103 pentru toat\u0103 lumea. Platforma noastr\u0103 este at\u00e2t de flexibil\u0103, \u00eenc\u00e2t orice modificare ulterioar\u0103 se poate face foarte u\u0219or.<\/p>\n<p>Pe l\u00e2ng\u0103 c\u0103su\u021bele po\u0219tale IMAP standard g\u0103zduite de Linux, serverele Exchange sunt disponibile cu c\u0103su\u021be po\u0219tale standard de 100 GB. De asemenea, sunt acceptate ata\u0219amente de fi\u0219iere de p\u00e2n\u0103 la 50 MB.<\/p>\n<p>Evident, suportul pentru dispozitivele mobile \u0219i tablete este \u0219i el inclus!<\/p>\n<p class=\"translation-block\">Alternativ, fiind at\u00e2t parteneri <strong>Microsoft<\/strong>, c\u00e2t \u0219i <strong>Google<\/strong>, putem face toate demersurile necesare pentru a migra clien\u021bii c\u0103tre <strong>Microsoft 365<\/strong> sau <strong>Google Workspace<\/strong> \u0219i apoi ne putem ocupa de managementul \u0219i suportul permanent.<\/p>\n<p class=\"translation-block\">Poate \u0219i mai important, av\u00e2nd \u00een vedere c\u0103 nici <strong>Microsoft<\/strong>, nici <strong>Google<\/strong> nu se concentreaz\u0103 pe protejarea datelor clien\u021bilor, oferim backup-uri automate sigure \u0219i securizate ale tuturor datelor clien\u021bilor \u00een centre de date non-<strong>Microsoft<\/strong> \u0219i non-<strong>Google<\/strong> la intervale regulate, prin parteneriatele noastre cu <strong>Datto<\/strong> \u0219i <strong>Dropsuite<\/strong>.<\/p>\n<\/div><\/div><\/div><\/div><\/div><div class=\"fusion-fullwidth fullwidth-box fusion-builder-row-2 fusion-flex-container nonhundred-percent-fullwidth non-hundred-percent-height-scrolling\" style=\"--awb-border-radius-top-left:0px;--awb-border-radius-top-right:0px;--awb-border-radius-bottom-right:0px;--awb-border-radius-bottom-left:0px;--awb-flex-wrap:wrap;\" ><div class=\"fusion-builder-row fusion-row fusion-flex-align-items-flex-start fusion-flex-content-wrap\" style=\"max-width:1248px;margin-left: calc(-4% \/ 2 );margin-right: calc(-4% \/ 2 );\"><div class=\"fusion-layout-column fusion_builder_column fusion-builder-column-1 fusion_builder_column_1_2 1_2 fusion-flex-column\" style=\"--awb-bg-size:cover;--awb-width-large:50%;--awb-margin-top-large:0px;--awb-spacing-right-large:3.84%;--awb-margin-bottom-large:20px;--awb-spacing-left-large:3.84%;--awb-width-medium:50%;--awb-order-medium:0;--awb-spacing-right-medium:3.84%;--awb-spacing-left-medium:3.84%;--awb-width-small:100%;--awb-order-small:0;--awb-spacing-right-small:1.92%;--awb-spacing-left-small:1.92%;\"><div class=\"fusion-column-wrapper fusion-column-has-shadow fusion-flex-justify-content-flex-start fusion-content-layout-column\"><div class=\"fusion-text fusion-text-2\" style=\"--awb-text-transform:none;\"><div class=\"_df_book df-container df-loading\" id=\"df_1630\"  title=\"saas-protection-for-microsoft-365\" _slug=\"saas-protection-for-microsoft-365\" wpoptions=\"true\" thumbtype=\"bg\" ><\/div><script data-cfasync=\"false\">var option_df_1630 = {\"outline\":[],\"forceFit\":\"true\",\"autoEnableOutline\":\"false\",\"autoEnableThumbnail\":\"false\",\"overwritePDFOutline\":\"false\",\"direction\":\"1\",\"pageSize\":\"0\",\"source\":\"https:\\\/\\\/synapse.it\\\/wp-content\\\/uploads\\\/securepdfs\\\/2022\\\/04\\\/SaaS-Protection-for-O365-UK-English.pdf\",\"wpOptions\":\"true\"}; if(window.DFLIP && DFLIP.parseBooks){DFLIP.parseBooks();}<\/script>\n<\/div><div class=\"fusion-text fusion-text-3\" style=\"--awb-text-transform:none;\"><div class=\"_df_book df-container df-loading\" id=\"df_1695\"  title=\"dropsuite-email-backup\" _slug=\"dropsuite-email-backup\" wpoptions=\"true\" thumbtype=\"bg\" ><\/div><script data-cfasync=\"false\">var option_df_1695 = {\"outline\":[],\"forceFit\":\"true\",\"autoEnableOutline\":\"false\",\"autoEnableThumbnail\":\"false\",\"overwritePDFOutline\":\"false\",\"direction\":\"1\",\"pageSize\":\"0\",\"source\":\"https:\\\/\\\/synapse.it\\\/wp-content\\\/uploads\\\/securepdfs\\\/2022\\\/08\\\/Dropsuite-Data-Sheet-Email-Backup-04032022.pdf\",\"wpOptions\":\"true\"}; if(window.DFLIP && DFLIP.parseBooks){DFLIP.parseBooks();}<\/script>\n<\/div><\/div><\/div><div class=\"fusion-layout-column fusion_builder_column fusion-builder-column-2 fusion_builder_column_1_2 1_2 fusion-flex-column\" style=\"--awb-bg-size:cover;--awb-width-large:50%;--awb-margin-top-large:0px;--awb-spacing-right-large:3.84%;--awb-margin-bottom-large:20px;--awb-spacing-left-large:3.84%;--awb-width-medium:50%;--awb-order-medium:0;--awb-spacing-right-medium:3.84%;--awb-spacing-left-medium:3.84%;--awb-width-small:100%;--awb-order-small:0;--awb-spacing-right-small:1.92%;--awb-spacing-left-small:1.92%;\"><div class=\"fusion-column-wrapper fusion-column-has-shadow fusion-flex-justify-content-flex-start fusion-content-layout-column\"><div class=\"fusion-text fusion-text-4\" style=\"--awb-text-transform:none;\"><div class=\"_df_book df-container df-loading\" id=\"df_1633\"  title=\"saas-protection-for-google-workspace\" _slug=\"saas-protection-for-google-workspace\" wpoptions=\"true\" thumbtype=\"bg\" ><\/div><script data-cfasync=\"false\">var option_df_1633 = {\"outline\":[],\"forceFit\":\"true\",\"autoEnableOutline\":\"false\",\"autoEnableThumbnail\":\"false\",\"overwritePDFOutline\":\"false\",\"direction\":\"1\",\"pageSize\":\"0\",\"source\":\"https:\\\/\\\/synapse.it\\\/wp-content\\\/uploads\\\/securepdfs\\\/2022\\\/04\\\/SaaS-Protection-for-G-Suite-UK-English.pdf\",\"wpOptions\":\"true\"}; if(window.DFLIP && DFLIP.parseBooks){DFLIP.parseBooks();}<\/script>\n<\/div><div class=\"fusion-text fusion-text-5\" style=\"--awb-text-transform:none;\"><div class=\"_df_book df-container df-loading\" id=\"df_1698\"  title=\"dropsuite-security-compliance\" _slug=\"dropsuite-security-compliance\" wpoptions=\"true\" thumbtype=\"bg\" ><\/div><script data-cfasync=\"false\">var option_df_1698 = {\"outline\":[],\"forceFit\":\"true\",\"autoEnableOutline\":\"false\",\"autoEnableThumbnail\":\"false\",\"overwritePDFOutline\":\"false\",\"direction\":\"1\",\"pageSize\":\"0\",\"source\":\"https:\\\/\\\/synapse.it\\\/wp-content\\\/uploads\\\/securepdfs\\\/2022\\\/08\\\/4.-Dropsuite-Security-Compliance.pdf\",\"wpOptions\":\"true\"}; if(window.DFLIP && DFLIP.parseBooks){DFLIP.parseBooks();}<\/script>\n<\/div><\/div><\/div><\/div><\/div><div class=\"fusion-fullwidth fullwidth-box fusion-builder-row-3 fusion-flex-container nonhundred-percent-fullwidth non-hundred-percent-height-scrolling\" style=\"--awb-border-radius-top-left:0px;--awb-border-radius-top-right:0px;--awb-border-radius-bottom-right:0px;--awb-border-radius-bottom-left:0px;--awb-flex-wrap:wrap;\" ><div class=\"fusion-builder-row fusion-row fusion-flex-align-items-flex-start fusion-flex-content-wrap\" style=\"max-width:1248px;margin-left: calc(-4% \/ 2 );margin-right: calc(-4% \/ 2 );\"><div class=\"fusion-layout-column fusion_builder_column fusion-builder-column-3 fusion_builder_column_1_1 1_1 fusion-flex-column\" style=\"--awb-bg-size:cover;--awb-width-large:100%;--awb-margin-top-large:0px;--awb-spacing-right-large:1.92%;--awb-margin-bottom-large:0px;--awb-spacing-left-large:1.92%;--awb-width-medium:100%;--awb-spacing-right-medium:1.92%;--awb-spacing-left-medium:1.92%;--awb-width-small:100%;--awb-spacing-right-small:1.92%;--awb-spacing-left-small:1.92%;\"><div class=\"fusion-column-wrapper fusion-flex-justify-content-flex-start fusion-content-layout-column\"><div class=\"fusion-text fusion-text-6 fusion-text-no-margin\" style=\"--awb-text-transform:none;--awb-margin-top:50px;--awb-margin-bottom:50px;\"><p><span style=\"color: #cc0066;\"><strong>ARHIVAREA E-MAILURILOR:<\/strong><\/span><\/p>\n<p class=\"translation-block\">Organiza\u021bii de toate dimensiunile pot beneficia de la <b><mark class=\"highlight\">Synapse<\/mark><\/b> de avantajele juridice, tehnice \u0219i financiare ale arhiv\u0103rii moderne a e-mailurilor \u00een condi\u021bii de securitate. <b>MailStore<\/b> creeaz\u0103 copii 1:1 ale tuturor e-mailurilor \u00eentr-o arhiv\u0103 central\u0103 pentru a asigura securitatea \u0219i disponibilitatea unui volum de date oric\u00e2t de mare, pe o durat\u0103 de ani de zile. Utilizatorii \u00ee\u0219i pot accesa \u00een continuare e-mailurile prin <b>clientul MailStore<\/b>, <b>MailStore Web Access<\/b> sau prin dispozitive mobile precum tablete sau telefoane mobile \u0219i pot face c\u0103ut\u0103ri \u00een po\u0219ta electronic\u0103 la viteze uimitoare.<\/p>\n<p class=\"translation-block\"><b>MailStore<\/b> ajut\u0103 la respectarea unui num\u0103r din ce \u00een ce mai mare de reglement\u0103ri privind conformitatea, eDiscovery \u0219i alte legi. <b>MailStore<\/b> este, de asemenea, un instrument important de protec\u021bie \u00eempotriva riscurilor de ordin juridic sau \u00eempotriva pl\u00e2ngerilor clien\u021bilor.<\/p>\n<p class=\"translation-block\">E-mailurile reprezint\u0103 o resurs\u0103 de informa\u021bii important\u0103 \u0219i foarte vast\u0103. <b>MailStore<\/b> le permite tuturor utilizatorilor s\u0103-\u0219i acceseze e-mailurile cu u\u0219urin\u021b\u0103 \u0219i extrem de rapid, sporind productivitatea \u00een cadrul organiza\u021biilor.<\/p>\n<p class=\"translation-block\">E-mailurile pot fi pierdute din cauza unor erori tehnice, cum ar fi fi\u0219iere PST corupte, sau pot fi \u0219terse de utilizatori. Adesea, utilizatorii \u00ee\u0219i \u0219terg \u00eentreaga c\u0103su\u021b\u0103 po\u0219tal\u0103 atunci c\u00e2nd p\u0103r\u0103sesc o organiza\u021bie. <b>MailStore<\/b> poate elimina complet aceste riscuri.<\/p>\n<p>E-mailurile pot fi eliminate \u00een mod automat dintr-o cutie po\u0219tal\u0103 a serverului de po\u0219t\u0103 electronic\u0103 dup\u0103 ce au fost arhivate. Acest lucru permite ca volumul de lucru al serverului s\u0103 fie men\u021binut la un nivel constant sc\u0103zut. Proceduri cum ar fi transferul e-mailurilor \u00een fi\u0219ierele PST \u0219i cotele pentru cutiile po\u0219tale devin redundante.<\/p>\n<\/div><\/div><\/div><\/div><\/div><div class=\"fusion-fullwidth fullwidth-box fusion-builder-row-4 fusion-flex-container nonhundred-percent-fullwidth non-hundred-percent-height-scrolling\" style=\"--awb-border-radius-top-left:0px;--awb-border-radius-top-right:0px;--awb-border-radius-bottom-right:0px;--awb-border-radius-bottom-left:0px;--awb-flex-wrap:wrap;\" ><div class=\"fusion-builder-row fusion-row fusion-flex-align-items-flex-start fusion-flex-content-wrap\" style=\"max-width:1248px;margin-left: calc(-4% \/ 2 );margin-right: calc(-4% \/ 2 );\"><div class=\"fusion-layout-column fusion_builder_column fusion-builder-column-4 fusion_builder_column_1_2 1_2 fusion-flex-column\" style=\"--awb-bg-size:cover;--awb-width-large:50%;--awb-margin-top-large:0px;--awb-spacing-right-large:3.84%;--awb-margin-bottom-large:20px;--awb-spacing-left-large:3.84%;--awb-width-medium:50%;--awb-order-medium:0;--awb-spacing-right-medium:3.84%;--awb-spacing-left-medium:3.84%;--awb-width-small:100%;--awb-order-small:0;--awb-spacing-right-small:1.92%;--awb-spacing-left-small:1.92%;\"><div class=\"fusion-column-wrapper fusion-column-has-shadow fusion-flex-justify-content-flex-start fusion-content-layout-column\"><div class=\"fusion-text fusion-text-7\" style=\"--awb-text-transform:none;\"><div class=\"_df_book df-container df-loading\" id=\"df_1639\"  title=\"mailstore-infosheet\" _slug=\"mailstore-infosheet\" wpoptions=\"true\" thumbtype=\"bg\" ><\/div><script data-cfasync=\"false\">var option_df_1639 = {\"outline\":[],\"forceFit\":\"true\",\"autoEnableOutline\":\"false\",\"autoEnableThumbnail\":\"false\",\"overwritePDFOutline\":\"false\",\"direction\":\"1\",\"pageSize\":\"0\",\"source\":\"https:\\\/\\\/synapse.it\\\/wp-content\\\/uploads\\\/securepdfs\\\/2022\\\/04\\\/mailstore-server-infosheet-en-150dpi.pdf\",\"wpOptions\":\"true\"}; if(window.DFLIP && DFLIP.parseBooks){DFLIP.parseBooks();}<\/script>\n<\/div><\/div><\/div><div class=\"fusion-layout-column fusion_builder_column fusion-builder-column-5 fusion_builder_column_1_2 1_2 fusion-flex-column\" style=\"--awb-bg-size:cover;--awb-width-large:50%;--awb-margin-top-large:0px;--awb-spacing-right-large:3.84%;--awb-margin-bottom-large:20px;--awb-spacing-left-large:3.84%;--awb-width-medium:50%;--awb-order-medium:0;--awb-spacing-right-medium:3.84%;--awb-spacing-left-medium:3.84%;--awb-width-small:100%;--awb-order-small:0;--awb-spacing-right-small:1.92%;--awb-spacing-left-small:1.92%;\"><div class=\"fusion-column-wrapper fusion-column-has-shadow fusion-flex-justify-content-flex-start fusion-content-layout-column\"><\/div><\/div><\/div><\/div><div class=\"fusion-fullwidth fullwidth-box fusion-builder-row-5 fusion-flex-container nonhundred-percent-fullwidth non-hundred-percent-height-scrolling\" style=\"--awb-border-radius-top-left:0px;--awb-border-radius-top-right:0px;--awb-border-radius-bottom-right:0px;--awb-border-radius-bottom-left:0px;--awb-flex-wrap:wrap;\" ><div class=\"fusion-builder-row fusion-row fusion-flex-align-items-flex-start fusion-flex-content-wrap\" style=\"max-width:1248px;margin-left: calc(-4% \/ 2 );margin-right: calc(-4% \/ 2 );\"><div class=\"fusion-layout-column fusion_builder_column fusion-builder-column-6 fusion_builder_column_1_1 1_1 fusion-flex-column\" style=\"--awb-bg-size:cover;--awb-width-large:100%;--awb-margin-top-large:0px;--awb-spacing-right-large:1.92%;--awb-margin-bottom-large:0px;--awb-spacing-left-large:1.92%;--awb-width-medium:100%;--awb-spacing-right-medium:1.92%;--awb-spacing-left-medium:1.92%;--awb-width-small:100%;--awb-spacing-right-small:1.92%;--awb-spacing-left-small:1.92%;\"><div class=\"fusion-column-wrapper fusion-flex-justify-content-flex-start fusion-content-layout-column\"><div class=\"fusion-text fusion-text-8 fusion-text-no-margin\" style=\"--awb-text-transform:none;--awb-margin-top:50px;--awb-margin-bottom:50px;\"><p><span style=\"color: #cc0066;\"><strong>FILTRARE MULT MAI EFICIENT\u0102 A SPAMULUI:<\/strong><\/span><\/p>\n<p>E-mailul este \u0219i ast\u0103zi cel mai important mijloc de comunicare \u00een lumea afacerilor. Spamul, cu toate acestea, r\u0103m\u00e2ne cea mai grav\u0103 amenin\u021bare \u00een ceea ce prive\u0219te productivitatea \u0219i utilizarea eficient\u0103 a resurselor \u00een comunicarea pe e-mail.<\/p>\n<p class=\"translation-block\">Infractorii cibernetici sunt motiva\u021bi de c\u00e2\u0219tiguri financiare, de provoc\u0103ri, de ideologie sau pur \u0219i simplu de r\u0103ut\u0103\u021bi.\u00a0 La <span style=\"color: #cc0066\"><strong>Synapse<\/strong><\/span> ne punem cea mai mare \u00eencredere \u00een <strong>Proofpoint<\/strong> pentru a ne proteja de amenin\u021b\u0103rile transmise prin e-mail.\u00a0 Credem c\u0103 este un MUST HAVE pentru orice organiza\u021bie care dore\u0219te s\u0103 se protejeze de spam, viru\u0219i, phishing \u0219i atacuri malware.\u00a0 <strong>Proo<\/strong><b>fpoint<\/b> aplic\u0103 tehnologiile sale inteligente de auto\u00eenv\u0103\u021bare brevetate pentru a filtra toate e-mailurile - elimin\u00e2nd spam-ul \u00eenainte ca acesta s\u0103 ajung\u0103 \u00een re\u021belele sau \u00een c\u0103su\u021bele de primire ale clien\u021bilor no\u0219tri sau, la r\u00e2ndul lor, \u00eenainte ca acesta s\u0103 ajung\u0103 la clien\u021bii lor valoro\u0219i.<\/p>\n<p class=\"translation-block\"><b>Proofpoint<\/b> blocheaz\u0103 99,98% din toate mesajele spam \u0219i are o rat\u0103 de fals-pozitiv de mai pu\u021bin de unu la un milion, lider \u00een industrie. Clien\u021bii no\u0219tri sunt proteja\u021bi \u00eempotriva spam-ului, a viru\u0219ilor \u0219i \u00eempotriva includerii lor pe lista neagr\u0103 a spammerilor. Timpul de func\u021bionare de 100% \u0219i centrele de date multiple pentru acest serviciu permit clien\u021bilor no\u0219tri s\u0103 beneficieze de ad\u0103ugarea unei redundan\u021be suplimentare la re\u021belele lor \u0219i s\u0103 aib\u0103 garantat\u0103 continuitatea e-mailurilor.<\/p>\n<p class=\"translation-block\">Cu panoul de control pe mai multe niveluri al <b>Proofpoint<\/b>, utilizatorii \u0219i administratorii pot accesa carantina, pot gestiona listele negre\/albe, pot c\u0103uta jurnalele \u0219i pot configura complet filtrul de spam \u00een func\u021bie de nevoile lor. \u00cen spatele scenei, clien\u021bii se pot relaxa deoarece <span style=\"color: #cc0066\"><strong>Synapse<\/strong><\/span> ofer\u0103 <b>Proofpoint<\/b> prin intermediul <b>Software as a Service (SaaS)<\/b>.\u00a0 Sistemele sunt monitorizate 24\u00d77 \u0219i sunt complet gestionate, \u00eentre\u021binute \u0219i actualizate \u00een timp real.<\/p>\n<p>Clien\u021bii no\u0219tri \u00ee\u0219i p\u0103streaz\u0103 \u00eentregul control asupra e-mailurilor. Nimic nu se pierde niciodat\u0103!<\/p>\n<\/div><div class=\"fusion-video fusion-selfhosted-video\" style=\"align-self:center;max-width:75%;\"><div class=\"video-wrapper\"><video playsinline=\"true\" width=\"100%\" style=\"object-fit: cover;\" poster=\"https:\/\/synapse.it\/wp-content\/uploads\/2022\/04\/Proofpoint-Essentials-Banner.jpg\" preload=\"auto\" controls=\"1\"><source src=\"https:\/\/synapse.it\/wp-content\/uploads\/2022\/04\/Proofpoint-Essentials_1080p.mp4\" type=\"video\/mp4\">Sorry, your browser doesn&#039;t support embedded videos.<\/video><\/div><\/div><div class=\"fusion-text fusion-text-9\" style=\"--awb-text-transform:none;--awb-margin-top:10px;\"><p style=\"text-align: center;\"><strong>VIDEO: Protec\u021bie de la Proofpoint Essentials<\/strong><\/p>\n<\/div><\/div><\/div><\/div><\/div><\/p>","protected":false},"excerpt":{"rendered":"","protected":false},"author":1,"featured_media":0,"parent":0,"menu_order":14,"comment_status":"closed","ping_status":"closed","template":"","meta":{"_acf_changed":false,"_monsterinsights_skip_tracking":false,"_monsterinsights_sitenote_active":false,"_monsterinsights_sitenote_note":"","_monsterinsights_sitenote_category":0,"footnotes":""},"class_list":["post-149","page","type-page","status-publish","hentry"],"acf":[],"aioseo_notices":[],"_links":{"self":[{"href":"https:\/\/synapse.it\/ro\/wp-json\/wp\/v2\/pages\/149","targetHints":{"allow":["GET"]}}],"collection":[{"href":"https:\/\/synapse.it\/ro\/wp-json\/wp\/v2\/pages"}],"about":[{"href":"https:\/\/synapse.it\/ro\/wp-json\/wp\/v2\/types\/page"}],"author":[{"embeddable":true,"href":"https:\/\/synapse.it\/ro\/wp-json\/wp\/v2\/users\/1"}],"replies":[{"embeddable":true,"href":"https:\/\/synapse.it\/ro\/wp-json\/wp\/v2\/comments?post=149"}],"version-history":[{"count":0,"href":"https:\/\/synapse.it\/ro\/wp-json\/wp\/v2\/pages\/149\/revisions"}],"wp:attachment":[{"href":"https:\/\/synapse.it\/ro\/wp-json\/wp\/v2\/media?parent=149"}],"curies":[{"name":"wp","href":"https:\/\/api.w.org\/{rel}","templated":true}]}}