{"id":151,"date":"2017-09-13T09:21:16","date_gmt":"2017-09-13T08:21:16","guid":{"rendered":"http:\/\/codeless.co\/handel\/project-management\/?page_id=151"},"modified":"2022-08-28T10:55:14","modified_gmt":"2022-08-28T09:55:14","slug":"cloud-solutions","status":"publish","type":"page","link":"https:\/\/synapse.it\/ro\/cloud-solutions\/","title":{"rendered":"Solu\u021bii Cloud"},"content":{"rendered":"<p><div class=\"fusion-fullwidth fullwidth-box fusion-builder-row-1 fusion-flex-container nonhundred-percent-fullwidth non-hundred-percent-height-scrolling\" style=\"--awb-border-radius-top-left:0px;--awb-border-radius-top-right:0px;--awb-border-radius-bottom-right:0px;--awb-border-radius-bottom-left:0px;--awb-flex-wrap:wrap;\" ><div class=\"fusion-builder-row fusion-row fusion-flex-align-items-flex-start fusion-flex-content-wrap\" style=\"max-width:1248px;margin-left: calc(-4% \/ 2 );margin-right: calc(-4% \/ 2 );\"><div class=\"fusion-layout-column fusion_builder_column fusion-builder-column-0 fusion_builder_column_1_1 1_1 fusion-flex-column\" style=\"--awb-bg-size:cover;--awb-width-large:100%;--awb-margin-top-large:0px;--awb-spacing-right-large:1.92%;--awb-margin-bottom-large:0px;--awb-spacing-left-large:1.92%;--awb-width-medium:100%;--awb-spacing-right-medium:1.92%;--awb-spacing-left-medium:1.92%;--awb-width-small:100%;--awb-spacing-right-small:1.92%;--awb-spacing-left-small:1.92%;\"><div class=\"fusion-column-wrapper fusion-flex-justify-content-flex-start fusion-content-layout-column\"><div class=\"fusion-image-element\" style=\"text-align:center;--awb-max-width:600px;--awb-caption-title-font-family:var(--h2_typography-font-family);--awb-caption-title-font-weight:var(--h2_typography-font-weight);--awb-caption-title-font-style:var(--h2_typography-font-style);--awb-caption-title-size:var(--h2_typography-font-size);--awb-caption-title-transform:var(--h2_typography-text-transform);--awb-caption-title-line-height:var(--h2_typography-line-height);--awb-caption-title-letter-spacing:var(--h2_typography-letter-spacing);\"><span class=\"fusion-imageframe imageframe-none imageframe-1 hover-type-none\"><img decoding=\"async\" src=\"https:\/\/synapse.it\/wp-content\/uploads\/2022\/03\/cloud.jpg\" alt class=\"img-responsive\"\/><\/span><\/div><div class=\"fusion-text fusion-text-1 fusion-text-no-margin\" style=\"--awb-text-transform:none;--awb-margin-top:50px;--awb-margin-bottom:50px;\"><p class=\"translation-block\"><b>Solu\u021biile cloud<\/b> de la <span style=\"color: #cc0066\"><strong>Synapse<\/strong><\/span> includ <b>LucidLink<\/b> (cel mai bun <strong>NAS cloud criptat<\/strong> din clasa sa, care ofer\u0103 stocare partajat\u0103 literalmente nelimitat\u0103 prin intermediul <strong>Wasabi Cloud<\/strong>) \u0219i <b>Cloud Hosted Desktop <\/b>(o solu\u021bie desktop de la distan\u021b\u0103 g\u0103zduit\u0103 la <strong>Vultr<\/strong> folosind cele mai recente tehnologii de virtualizare).<\/p>\n<\/div><div class=\"fusion-text fusion-text-2 fusion-text-no-margin\" style=\"--awb-text-transform:none;--awb-margin-top:50px;--awb-margin-bottom:50px;\"><p><span style=\"color: #cc0066;\"><strong>CLOUD NAS<\/strong><\/span><\/p>\n<p><strong>LucidLink<\/strong> Filespaces cloud-native NAS solution from <span style=\"color: #cc0066;\"><strong>Synapse<\/strong><\/span>\u00a0is ideal for organizations that would like to take advantage of cloud storage economics and utilize it for applications, file systems, and even high-performance workloads.\u00a0 A <strong>LucidLink<\/strong> app running on our clients' Windows, Mac or Linux devices is all that is required from an end-user point of view &#8211; no need for servers or hardware appliances.\u00a0 <strong>LucidLink<\/strong> de la <span style=\"color: #cc0066;\"><strong>Synapse <\/strong><\/span>leverages state of the art cloud-based storage from <strong>Wasabi<\/strong> with the functionality you expect from an on-premises hardware NAS &#8211; only a million times better!\u00a0 Data streams directly to and from any object store, eliminating the hassle of downloading or synchronizing.<\/p>\n<p class=\"translation-block\">Un <strong>LucidLink<\/strong> Filespace se comport\u0103 ca orice alt sistem de stocare de \u00eenalt\u0103 performan\u021b\u0103 ata\u0219at la re\u021bea (NAS), chiar dac\u0103 datele sunt g\u0103zduite \u00een cloud.\u00a0 Conceput pentru a r\u0103spunde nevoilor de afaceri \u00een ceea ce prive\u0219te stocarea unor seturi mari de date la fa\u021ba locului \u0219i \u00een afara acestuia \u0219i accesarea lor la distan\u021b\u0103, echipele distribuite beneficiaz\u0103 de acces securizat, la cerere, la activele digitale \u0219i pot colabora asupra fi\u0219ierelor, \u00een cloud, de oriunde.<\/p>\n<p class=\"translation-block\"><strong>LucidLink<\/strong> rezolv\u0103 problema distan\u021bei \u0219i a laten\u021bei \u00een mediile cloud prin reducerea traficului \u00eentre aplica\u021bii \u0219i stocarea la distan\u021b\u0103.\u00a0 Prin cre\u0219terea spectaculoas\u0103 a capacit\u0103\u021bii de reac\u021bie, datele din fi\u0219iere sunt livrate \u00een mod eficient \u0219i transmise la cerere.\u00a0 Performan\u021ba este optimizat\u0103 \u0219i mai mult prin prefetching sofisticat al datelor bazat pe un algoritm proprietar, adaptiv; fluxuri TCP paralele; caching local de scriere \u00eenapoi; \u0219i compresie \u00een linie.\u00a0 \u00cen plus, <strong>LucidLink<\/strong> de la <span style=\"color: #cc0066\"><strong>Synapse<\/strong><\/span> ofer\u0103 capabilit\u0103\u021bi avansate pentru fi\u0219iere, cum ar fi accesul direct la citire\/scriere din cloud, instantanee imuabile, control al accesului utilizatorului \u0219i blocare global\u0103 a fi\u0219ierelor.<\/p>\n<\/div><div class=\"fusion-video fusion-selfhosted-video\" style=\"align-self:center;max-width:75%;\"><div class=\"video-wrapper\"><video playsinline=\"true\" width=\"100%\" style=\"object-fit: cover;\" autoplay=\"true\" muted=\"true\" loop=\"true\" poster=\"https:\/\/synapse.it\/wp-content\/uploads\/2022\/04\/LucidLink-Movie-Banner.jpg\" preload=\"auto\" controls=\"1\"><source src=\"https:\/\/synapse.it\/wp-content\/uploads\/2022\/04\/LucidLink-Movie.mp4\" type=\"video\/mp4\">Sorry, your browser doesn&#039;t support embedded videos.<\/video><\/div><\/div><div class=\"fusion-text fusion-text-3 fusion-text-no-margin\" style=\"--awb-text-transform:none;--awb-margin-top:50px;--awb-margin-bottom:50px;\"><p style=\"text-align: center;\"><strong>Video: LucidLink Cloud NAS - Prezentare general\u0103 de 40 de secunde<\/strong><\/p>\n<\/div><div class=\"fusion-text fusion-text-4 fusion-text-no-margin\" style=\"--awb-text-transform:none;--awb-margin-top:50px;--awb-margin-bottom:50px;\"><p><span style=\"color: #cc0066;\"><strong>SECURITATE DE LA UN CAP\u0102T LA ALTUL<\/strong><\/span><\/p>\n<p>Transferul datelor de afaceri \u0219i, prin urmare, al propriet\u0103\u021bii intelectuale \u00een afara perimetrului organiza\u021bional al unei companii este plin de riscuri de securitate \u0219i, prin urmare, reprezint\u0103 \u00eenc\u0103 un impediment semnificativ \u00een calea adopt\u0103rii.\u00a0 Majoritatea sistemelor moderne de stocare \u00een cloud ofer\u0103 o anumit\u0103 criptare pentru a satisface cerin\u021bele de confiden\u021bialitate a datelor.\u00a0 Din nefericire, aceasta este, de obicei, o form\u0103 slab\u0103 de securitate cunoscut\u0103 sub numele de criptare pe server, \u00een care datele sunt criptate \u00een tranzit \u0219i pe servere folosind chei generate de furnizor.\u00a0 Ca urmare, furnizorul de stocare are acces complet la datele clien\u021bilor s\u0103i.<\/p>\n<p class=\"translation-block\"><strong>LucidLink<\/strong> consider\u0103 c\u0103 nevoia de a proteja cele mai valoroase active ale \u00eentreprinderilor ar trebui s\u0103 dep\u0103\u0219easc\u0103 acest model simplu pentru a oferi un grad de confiden\u021bialitate mult mai ridicat - unul care s\u0103 garanteze c\u0103 numai clientul este capabil s\u0103 deblocheze \u0219i s\u0103 vad\u0103 datele.<\/p>\n<p class=\"translation-block\">\u00cen acest scop, securitatea \u00een sistemul <strong>LucidLink<\/strong> este realizat\u0103 prin criptare end-to-end.\u00a0 Prin utilizarea \u00een mod implicit a AES-256 \u00een modul GCM, at\u00e2t metadatele, c\u00e2t \u0219i datele sunt criptate cu chei ale clien\u021bilor.\u00a0 Fiecare fi\u0219ier are propria cheie de criptare, iar cheia de criptare a dosarului p\u0103rinte \u00eenf\u0103\u0219oar\u0103 cheia de criptare a fiec\u0103rui fi\u0219ier.\u00a0 Administratorul de sistem acord\u0103 utilizatorilor individuali acces la anumite chei din ierarhia sistemului de fi\u0219iere, ceea ce le permite s\u0103 vad\u0103 numai con\u021binutul la care au primit acces \u00een subarbore.\u00a0 Acest lucru asigur\u0103 un control fin al accesului utilizatorilor, f\u0103r\u0103 ca un server s\u0103 ac\u021bioneze ca un gatekeeper.\u00a0 Pe l\u00e2ng\u0103 aceast\u0103 criptare, toate comunica\u021biile de re\u021bea dintre hub, magazinul de obiecte \u0219i dispozitivele client sunt criptate suplimentar prin TLS.<\/p>\n<p class=\"translation-block\">Cel mai important, aceast\u0103 criptare pe partea clientului garanteaz\u0103 c\u0103 numai dispozitivele client pot decripta metadatele sau datele.\u00a0 De asemenea, \u00eempiedic\u0103 chiar \u0219i <strong>LucidLink<\/strong> \u0219i furnizorul de stocare a obiectelor s\u0103 vad\u0103 con\u021binutul sau orice alte informa\u021bii semnificative despre datele transferate sau stocate.<\/p>\n<p><span style=\"color: #cc0066;\"><strong>REZUMAT<\/strong><\/span><\/p>\n<p>Stocarea obiectelor \u00een cloud a schimbat \u00een mod fundamental modul \u00een care \u00eentreprinderile stocheaz\u0103 \u0219i acceseaz\u0103 datele.\u00a0 \u00cen ciuda acestor progrese, fluxurile de lucru moderne necesit\u0103 o abordare diferit\u0103, una care s\u0103 permit\u0103 accesul instantaneu \u0219i f\u0103r\u0103 \u00eentreruperi la date din loca\u021bii geo-distribuite.<\/p>\n<p class=\"translation-block\"><strong>LucidLink<\/strong> a reimaginat sistemul de fi\u0219iere construit pentru cloud pentru a oferi o alternativ\u0103 cu adev\u0103rat inovatoare la arhitecturile predominante de ast\u0103zi.\u00a0 Acesta este conceput pentru \u00eentreprinderile care caut\u0103 un serviciu de fi\u0219iere scalabil \u0219i fiabil, cu cea mai bun\u0103 securitate din clasa sa \u0219i zero cheltuieli opera\u021bionale.\u00a0 Acesta revolu\u021bioneaz\u0103 utilizarea de stoc\u0103rii obiectelor pentru mediile moderne de cloud-computing, transform\u00e2nd cloud-ul \u00eentr-un nivel de stocare local\u0103.<\/p>\n<\/div><div class=\"fusion-text fusion-text-5 fusion-text-no-margin\" style=\"--awb-text-transform:none;--awb-margin-top:50px;--awb-margin-bottom:50px;\"><p><span style=\"color: #cc0066;\"><strong>G\u0102ZDUIRE DESKTOP WINDOWS<\/strong><\/span><\/p>\n<p>\u201eFratele cel mare\u201d al <b>LucidLink<\/b> este un <b>Cloud Hosted Desktop<\/b>\u00a0\u2013 conceptul este acela\u0219i... posibilitatea de a-\u021bi accesa informa\u021bia de pe desktop de oriunde ai fi... doar c\u0103 prin <b>Cloud Hosted Desktop<\/b> nu doar fi\u0219ierele \u0219i folderele tale sunt accesibile de oriunde, ci \u00eentregul t\u0103u desktop Windows, precum \u0219i re\u021beaua de la locul de munc\u0103.\u00a0 <strong>Nou din 2022, acum putem oferi chiar \u0219i desktop-uri Windows 11 g\u0103zduite!<\/strong><\/p>\n<p class=\"translation-block\">\u00cen mod tradi\u021bional, organiza\u021biile trebuie s\u0103 implementeze \u0219i s\u0103 gestioneze mai multe sisteme IT diferite - un server de e-mail, servere de aplica\u021bii, servere de fi\u0219iere, de exemplu, \u0219i s\u0103 gestioneze responsabilit\u0103\u021bi cheie precum asisten\u021ba, anti-spam, anti-virus \u0219i securitate, backup \u00een afara sediului, gestionarea desktopurilor, actualiz\u0103ri de servere \u0219i multe altele.\u00a0 <b>Cloud Hosted Desktop<\/b> este un serviciu cloud securizat de la <span style=\"color: #cc0066\"><strong>Synapse<\/strong><\/span> construit cu ajutorul platformelor noastre testate \u0219i verificate, g\u0103zduind programele, documentele \u0219i e-mailurile dvs. de baz\u0103 - f\u0103c\u00e2ndu-le accesibile de oriunde v\u0103 afla\u021bi.\u00a0 Toate lucrurile de care ave\u021bi nevoie pentru a func\u021biona eficient, doar c\u0103 f\u0103r\u0103 toate complica\u021biile.\u00a0 Aplica\u021bii precum <b>Sage<\/b> \u0219i <b>QuickBooks<\/b> sau chiar aplica\u021biile dvs. personalizate pot fi ad\u0103ugate \u0219i ele la pachet!<\/p>\n<p class=\"translation-block\">Un desktop virtual <b>Cloud Hosted Desktop<\/b> arat\u0103 \u0219i se simte la fel ca un desktop Windows normal cu care sunte\u021bi familiarizat, deci nu trebuie s\u0103 \u00eenv\u0103\u021ba\u021bi nimic nou.\u00a0 Singura diferen\u021b\u0103 este c\u0103, \u00een loc ca desktop-ul s\u0103 fie stocat pe discul dur al computerului dumneavoastr\u0103, acesta este stocat \u00eentr-un centru de date foarte sigur.\u00a0 Acest lucru este cu at\u00e2t mai important \u00een cazul \u00een care o organiza\u021bie se afl\u0103 \u00een mai multe loca\u021bii.\u00a0 O organiza\u021bie dispersat\u0103 din punct de vedere geografic poate lucra \u00eempreun\u0103 \u0219i poate partaja o re\u021bea central\u0103 bazat\u0103 pe cloud f\u0103r\u0103 a avea nevoie de VPN-uri \"greoaie\" sau altele asemenea.\u00a0 \u00cen mod similar, lucrul de acas\u0103 sau \u00een afara biroului a devenit la fel de u\u0219or ca \u0219i lucrul la birou.<\/p>\n<p class=\"translation-block\">Printr-un proces numit virtualizare desktop, <span style=\"color: #cc0066\"><strong>Synapse<\/strong><\/span> g\u0103zduie\u0219te un desktop virtual pentru dvs. \u0219i \u00eel transmite pe computerul dvs. local.\u00a0 Gestion\u0103m aceste desktopuri pentru a ne asigura c\u0103 sunt disponibile \u00een permanen\u021b\u0103 \u0219i c\u0103 arat\u0103 \u0219i se simt exact la fel ca desktop-ul dvs. tradi\u021bional, local, cu Windows.<\/p>\n<p>Birourile virtuale \u00eenlocuiesc rapid modelul IT tradi\u021bional de servere \u0219i asisten\u021b\u0103 IT la fa\u021ba locului.\u00a0 \u00cen prezent, peste 70 % dintre organiza\u021bii utilizeaz\u0103 cel pu\u021bin o parte din sistemul lor IT \u00een cloud, iar un sfert dintre desktopurile din UE sunt \u00een prezent desktopuri g\u0103zduite.\u00a0 Aceste cifre vor cre\u0219te cu siguran\u021b\u0103!<\/p>\n<\/div><\/div><\/div><\/div><\/div><div class=\"fusion-fullwidth fullwidth-box fusion-builder-row-2 fusion-flex-container nonhundred-percent-fullwidth non-hundred-percent-height-scrolling\" style=\"--awb-border-radius-top-left:0px;--awb-border-radius-top-right:0px;--awb-border-radius-bottom-right:0px;--awb-border-radius-bottom-left:0px;--awb-flex-wrap:wrap;\" ><div class=\"fusion-builder-row fusion-row fusion-flex-align-items-flex-start fusion-flex-content-wrap\" style=\"max-width:1248px;margin-left: calc(-4% \/ 2 );margin-right: calc(-4% \/ 2 );\"><div class=\"fusion-layout-column fusion_builder_column fusion-builder-column-1 fusion_builder_column_1_2 1_2 fusion-flex-column\" style=\"--awb-bg-size:cover;--awb-width-large:50%;--awb-margin-top-large:0px;--awb-spacing-right-large:3.84%;--awb-margin-bottom-large:20px;--awb-spacing-left-large:3.84%;--awb-width-medium:50%;--awb-order-medium:0;--awb-spacing-right-medium:3.84%;--awb-spacing-left-medium:3.84%;--awb-width-small:100%;--awb-order-small:0;--awb-spacing-right-small:1.92%;--awb-spacing-left-small:1.92%;\"><div class=\"fusion-column-wrapper fusion-column-has-shadow fusion-flex-justify-content-flex-start fusion-content-layout-column\"><div class=\"fusion-text fusion-text-6\" style=\"--awb-text-transform:none;\"><div class=\"_df_book df-container df-loading\" id=\"df_1076\"  title=\"synapse-it-cloud-hosted-desktop\" _slug=\"synapse-it-cloud-hosted-desktop\" wpoptions=\"true\" thumbtype=\"bg\" ><\/div><script data-cfasync=\"false\">var option_df_1076 = {\"outline\":[],\"forceFit\":\"true\",\"autoEnableOutline\":\"false\",\"autoEnableThumbnail\":\"false\",\"overwritePDFOutline\":\"false\",\"direction\":\"1\",\"pageSize\":\"0\",\"source\":\"https:\\\/\\\/synapse.it\\\/wp-content\\\/uploads\\\/securepdfs\\\/2020\\\/07\\\/Synapse-IT-Hosted-Desktop.pdf\",\"wpOptions\":\"true\"}; if(window.DFLIP && DFLIP.parseBooks){DFLIP.parseBooks();}<\/script>\n<\/div><\/div><\/div><div class=\"fusion-layout-column fusion_builder_column fusion-builder-column-2 fusion_builder_column_1_2 1_2 fusion-flex-column\" style=\"--awb-bg-size:cover;--awb-width-large:50%;--awb-margin-top-large:0px;--awb-spacing-right-large:3.84%;--awb-margin-bottom-large:20px;--awb-spacing-left-large:3.84%;--awb-width-medium:50%;--awb-order-medium:0;--awb-spacing-right-medium:3.84%;--awb-spacing-left-medium:3.84%;--awb-width-small:100%;--awb-order-small:0;--awb-spacing-right-small:1.92%;--awb-spacing-left-small:1.92%;\"><div class=\"fusion-column-wrapper fusion-column-has-shadow fusion-flex-justify-content-flex-start fusion-content-layout-column\"><\/div><\/div><\/div><\/div><\/p>","protected":false},"excerpt":{"rendered":"","protected":false},"author":1,"featured_media":0,"parent":0,"menu_order":13,"comment_status":"closed","ping_status":"closed","template":"","meta":{"_acf_changed":false,"_monsterinsights_skip_tracking":false,"_monsterinsights_sitenote_active":false,"_monsterinsights_sitenote_note":"","_monsterinsights_sitenote_category":0,"footnotes":""},"class_list":["post-151","page","type-page","status-publish","hentry"],"acf":[],"aioseo_notices":[],"_links":{"self":[{"href":"https:\/\/synapse.it\/ro\/wp-json\/wp\/v2\/pages\/151","targetHints":{"allow":["GET"]}}],"collection":[{"href":"https:\/\/synapse.it\/ro\/wp-json\/wp\/v2\/pages"}],"about":[{"href":"https:\/\/synapse.it\/ro\/wp-json\/wp\/v2\/types\/page"}],"author":[{"embeddable":true,"href":"https:\/\/synapse.it\/ro\/wp-json\/wp\/v2\/users\/1"}],"replies":[{"embeddable":true,"href":"https:\/\/synapse.it\/ro\/wp-json\/wp\/v2\/comments?post=151"}],"version-history":[{"count":0,"href":"https:\/\/synapse.it\/ro\/wp-json\/wp\/v2\/pages\/151\/revisions"}],"wp:attachment":[{"href":"https:\/\/synapse.it\/ro\/wp-json\/wp\/v2\/media?parent=151"}],"curies":[{"name":"wp","href":"https:\/\/api.w.org\/{rel}","templated":true}]}}