{"id":24,"date":"2017-09-11T14:28:58","date_gmt":"2017-09-11T13:28:58","guid":{"rendered":"http:\/\/codeless.co\/handel\/project-management\/?page_id=24"},"modified":"2025-03-28T15:26:52","modified_gmt":"2025-03-28T15:26:52","slug":"about-synapse","status":"publish","type":"page","link":"https:\/\/synapse.it\/ro\/about-synapse\/","title":{"rendered":"Despre Synapse"},"content":{"rendered":"<p><div class=\"fusion-fullwidth fullwidth-box fusion-builder-row-1 fusion-flex-container nonhundred-percent-fullwidth non-hundred-percent-height-scrolling\" style=\"--awb-border-radius-top-left:0px;--awb-border-radius-top-right:0px;--awb-border-radius-bottom-right:0px;--awb-border-radius-bottom-left:0px;--awb-flex-wrap:wrap;\" ><div class=\"fusion-builder-row fusion-row fusion-flex-align-items-flex-start fusion-flex-content-wrap\" style=\"max-width:1248px;margin-left: calc(-4% \/ 2 );margin-right: calc(-4% \/ 2 );\"><div class=\"fusion-layout-column fusion_builder_column fusion-builder-column-0 fusion_builder_column_1_1 1_1 fusion-flex-column\" style=\"--awb-bg-size:cover;--awb-width-large:100%;--awb-margin-top-large:0px;--awb-spacing-right-large:1.92%;--awb-margin-bottom-large:20px;--awb-spacing-left-large:1.92%;--awb-width-medium:100%;--awb-order-medium:0;--awb-spacing-right-medium:1.92%;--awb-spacing-left-medium:1.92%;--awb-width-small:100%;--awb-order-small:0;--awb-spacing-right-small:1.92%;--awb-spacing-left-small:1.92%;\"><div class=\"fusion-column-wrapper fusion-column-has-shadow fusion-flex-justify-content-flex-start fusion-content-layout-column\"><div class=\"fusion-image-element\" style=\"text-align:center;--awb-max-width:600px;--awb-caption-title-font-family:var(--h2_typography-font-family);--awb-caption-title-font-weight:var(--h2_typography-font-weight);--awb-caption-title-font-style:var(--h2_typography-font-style);--awb-caption-title-size:var(--h2_typography-font-size);--awb-caption-title-transform:var(--h2_typography-text-transform);--awb-caption-title-line-height:var(--h2_typography-line-height);--awb-caption-title-letter-spacing:var(--h2_typography-letter-spacing);\"><span class=\"fusion-imageframe imageframe-none imageframe-1 hover-type-none\"><img decoding=\"async\" src=\"https:\/\/synapse.it\/wp-content\/uploads\/2022\/03\/welcome-handshake.jpg\" alt class=\"img-responsive\"\/><\/span><\/div><\/div><\/div><\/div><\/div><div class=\"fusion-fullwidth fullwidth-box fusion-builder-row-2 fusion-flex-container nonhundred-percent-fullwidth non-hundred-percent-height-scrolling\" style=\"--awb-border-radius-top-left:0px;--awb-border-radius-top-right:0px;--awb-border-radius-bottom-right:0px;--awb-border-radius-bottom-left:0px;--awb-flex-wrap:wrap;\" ><div class=\"fusion-builder-row fusion-row fusion-flex-align-items-flex-start fusion-flex-content-wrap\" style=\"max-width:1248px;margin-left: calc(-4% \/ 2 );margin-right: calc(-4% \/ 2 );\"><div class=\"fusion-layout-column fusion_builder_column fusion-builder-column-1 fusion_builder_column_1_1 1_1 fusion-flex-column\" style=\"--awb-bg-size:cover;--awb-width-large:100%;--awb-margin-top-large:0px;--awb-spacing-right-large:1.92%;--awb-margin-bottom-large:20px;--awb-spacing-left-large:1.92%;--awb-width-medium:100%;--awb-order-medium:0;--awb-spacing-right-medium:1.92%;--awb-spacing-left-medium:1.92%;--awb-width-small:100%;--awb-order-small:0;--awb-spacing-right-small:1.92%;--awb-spacing-left-small:1.92%;\"><div class=\"fusion-column-wrapper fusion-column-has-shadow fusion-flex-justify-content-flex-start fusion-content-layout-column\"><div class=\"fusion-title title fusion-title-1 fusion-sep-none fusion-title-text fusion-title-size-one\" style=\"--awb-margin-top-small:10px;--awb-margin-right-small:0px;--awb-margin-bottom-small:10px;--awb-margin-left-small:0px;\"><h1 class=\"fusion-title-heading title-heading-left\" style=\"margin:0;\"><h4><span style=\"color: #cc0066;\"><strong>Istoric<\/strong><\/span><\/h4><\/h1><\/div><div class=\"fusion-text fusion-text-1\" style=\"--awb-text-transform:none;\"><p class=\"translation-block\"><span style=\"color: #cc0066\"><strong>Synapse<\/strong><\/span> a fost \u00eenfiin\u021bat\u0103 \u00een ianuarie 1998, \u00een special pentru a r\u0103spunde nevoilor IT ale \u00eentreprinderilor \u00een cre\u0219tere, ale organiza\u021biilor caritabile \u0219i ale \u00eentreprinderilor nou \u00eenfiin\u021bate. Cuno\u0219tin\u021bele de v\u00e2rf din industrie \u00een domeniul backup-ului de date online \u0219i al solu\u021biilor de e-mail corporatiste care utilizeaz\u0103 Microsoft Exchange au f\u0103cut ca lucr\u0103rile de proiect pentru marile multina\u021bionale s\u0103 figureze, de asemenea, \u00een mod proeminent \u00een portofoliul nostru de clien\u021bi p\u00e2n\u0103 \u00een prezent.<\/p>\n<p>Steady growth since 1998 has necessitated partnerships with the likes of global Cloud storage provider Wasabi (2019), managed infrastructure provider Vultr (2021), as well as &#8211; naturally &#8211; Microsoft (2004) and Google (2018).\u00a0 Our strategic partnership with &#8220;Cloud NAS&#8221; provider LucidLink (2020) has ensured that our clients can securely store and easily access an infinite amount of data &#8220;in the Cloud&#8221; with just a few clicks.\u00a0 At a user level, many clients are blissfully unaware that the data isn't stored somewhere on their local devices &#8211; that's just how good it is.<\/p>\n<p>Founder, <strong>Clive Sheppard<\/strong>, having a background in several corporate IT departments, knew that many of the best practices adopted by large organisations were virtually non-existent at the small business level.\u00a0 Clive's experience told him that this was partly due to a lack of awareness of what is readily possible in the corporate IT world, partly due to a lack of technical expertise, but mainly due to the fact that corporate IT style projects often required high capital investment. The idea behind Synapse, therefore, was to combine &#8220;the IT world&#8221; of enough smaller entities in order to reap the benefits of a corporate-style infrastructure and comprehensive support network without the associated costs.<\/p>\n<\/div><div class=\"fusion-title title fusion-title-2 fusion-sep-none fusion-title-text fusion-title-size-one\" style=\"--awb-margin-top-small:10px;--awb-margin-right-small:0px;--awb-margin-bottom-small:10px;--awb-margin-left-small:0px;\"><h1 class=\"fusion-title-heading title-heading-left\" style=\"margin:0;\"><h4><span style=\"color: #cc0066;\"><strong>Metoda Synapse<\/strong><\/span><\/h4><\/h1><\/div><div class=\"fusion-text fusion-text-2\" style=\"--awb-text-transform:none;\"><p class=\"translation-block\">Partidele care se angajeaz\u0103 cu <span style=\"color: #cc0066\"><strong>Synapse<\/strong><\/span> beneficiaz\u0103 de serviciile unui \"departament IT intern surogat\" \u0219i \u00eenva\u021b\u0103 rapid s\u0103 aib\u0103 \u00eencredere \u00een sfaturile independente de marc\u0103 pe care le oferim.<\/p>\n<p class=\"translation-block\"><span style=\"color: #cc0066\"><strong>Synapse<\/strong><\/span> inginerilor li se cere s\u0103 fie amabili, precum \u0219i bine informa\u021bi \u0219i sunt \u00eencuraja\u021bi s\u0103 \"mearg\u0103 mai departe\". Prin utilizarea celor mai recente tehnologii inteligente, inginerii afla\u021bi \u00een toate loca\u021biile noastre de stabilire (Londra \/ Bucure\u0219ti \/ Amsterdam \/ Dallas \/ Sydney) asist\u0103 clien\u021bii at\u00e2t la fa\u021ba locului \u0219i\/sau de la distan\u021b\u0103, \u00een func\u021bie de necesit\u0103\u021bi.<\/p>\n<p class=\"translation-block\">Marea majoritate a <span style=\"color: #cc0066\"><strong>Synapse<\/strong><\/span> sunt disponibile pentru fiecare utilizator, pe lun\u0103, f\u0103r\u0103 o perioad\u0103 minim\u0103 de contract.\u00a0 \u00cen cazul \u00een care sunt necesare parteneriate cu al\u021bi furnizori \u0219i prestatori pentru a oferi un portofoliu de produse mai complet clien\u021bilor no\u0219tri, <span style=\"color: #cc0066\"><strong>Synapse<\/strong><\/span> \u00eencheie \u00eentotdeauna acorduri cu organiza\u021bii care g\u00e2ndesc la fel, astfel \u00eenc\u00e2t utilizatorul final s\u0103 vad\u0103 \"echipa sa tehnic\u0103\" ca pe o entitate armonioas\u0103.<\/p>\n<\/div><div class=\"fusion-title title fusion-title-3 fusion-sep-none fusion-title-text fusion-title-size-one\" style=\"--awb-margin-top-small:10px;--awb-margin-right-small:0px;--awb-margin-bottom-small:10px;--awb-margin-left-small:0px;\"><h1 class=\"fusion-title-heading title-heading-left\" style=\"margin:0;\"><h4><span style=\"color: #cc0066;\"><strong>Filosofia noastr\u0103<\/strong><\/span><\/h4><\/h1><\/div><div class=\"fusion-text fusion-text-3\" style=\"--awb-text-transform:none;\"><p>\u00cenc\u0103 de la \u00eenceput, filozofia noastr\u0103 a fost aceea de a oferi servicii tehnice fiabile \u0219i de \u00eenalt\u0103 calitate, \u00eempreun\u0103 cu sfaturi prietenoase, bine informate \u0219i independente de marc\u0103.\u00a0 Oferind asisten\u021b\u0103 \"ad-hoc\" oricui, f\u0103r\u0103 bariere la intrare, le permitem poten\u021bialilor clien\u021bi s\u0103 ne cunoasc\u0103 foarte u\u0219or \u0219i f\u0103r\u0103 complica\u021bii.<\/p>\n<p>Nu ezita\u021bi s\u0103 r\u0103spunde\u021bi la telefon sau s\u0103 ne trimite\u021bi un e-mail ... am fi \u00eenc\u00e2nta\u021bi s\u0103 vedem ce putem face pentru dumneavoastr\u0103 \u0219i s\u0103 \u00eencepem un parteneriat lung \u0219i reciproc avantajos!<\/p>\n<\/div><div class=\"fusion-image-element\" style=\"text-align:right;--awb-margin-top:20px;--awb-margin-right:100px;--awb-caption-title-font-family:var(--h2_typography-font-family);--awb-caption-title-font-weight:var(--h2_typography-font-weight);--awb-caption-title-font-style:var(--h2_typography-font-style);--awb-caption-title-size:var(--h2_typography-font-size);--awb-caption-title-transform:var(--h2_typography-text-transform);--awb-caption-title-line-height:var(--h2_typography-line-height);--awb-caption-title-letter-spacing:var(--h2_typography-letter-spacing);\"><span class=\"fusion-imageframe imageframe-none imageframe-2 hover-type-none\"><img decoding=\"async\" src=\"https:\/\/synapse.it\/wp-content\/uploads\/2018\/05\/clive-signature-1.jpg\" alt class=\"img-responsive\"\/><\/span><\/div><div class=\"fusion-text fusion-text-4\" style=\"--awb-text-transform:none;--awb-text-color:var(--awb-color6);--awb-margin-top:10px;--awb-margin-right:100px;\"><p style=\"text-align: right;\"><strong>Clive Sheppard<br \/>\n<\/strong><span style=\"color: #cc0066;\"><strong>Fondator<\/strong><\/span><\/p>\n<\/div><\/div><\/div><\/div><\/div><\/p>","protected":false},"excerpt":{"rendered":"","protected":false},"author":1,"featured_media":0,"parent":0,"menu_order":2,"comment_status":"closed","ping_status":"closed","template":"","meta":{"_acf_changed":false,"_monsterinsights_skip_tracking":false,"_monsterinsights_sitenote_active":false,"_monsterinsights_sitenote_note":"","_monsterinsights_sitenote_category":0,"footnotes":""},"class_list":["post-24","page","type-page","status-publish","hentry"],"acf":[],"aioseo_notices":[],"_links":{"self":[{"href":"https:\/\/synapse.it\/ro\/wp-json\/wp\/v2\/pages\/24","targetHints":{"allow":["GET"]}}],"collection":[{"href":"https:\/\/synapse.it\/ro\/wp-json\/wp\/v2\/pages"}],"about":[{"href":"https:\/\/synapse.it\/ro\/wp-json\/wp\/v2\/types\/page"}],"author":[{"embeddable":true,"href":"https:\/\/synapse.it\/ro\/wp-json\/wp\/v2\/users\/1"}],"replies":[{"embeddable":true,"href":"https:\/\/synapse.it\/ro\/wp-json\/wp\/v2\/comments?post=24"}],"version-history":[{"count":0,"href":"https:\/\/synapse.it\/ro\/wp-json\/wp\/v2\/pages\/24\/revisions"}],"wp:attachment":[{"href":"https:\/\/synapse.it\/ro\/wp-json\/wp\/v2\/media?parent=24"}],"curies":[{"name":"wp","href":"https:\/\/api.w.org\/{rel}","templated":true}]}}