{"id":27,"date":"2017-09-11T14:28:58","date_gmt":"2017-09-11T13:28:58","guid":{"rendered":"http:\/\/codeless.co\/handel\/project-management\/?page_id=27"},"modified":"2022-03-24T16:47:55","modified_gmt":"2022-03-24T16:47:55","slug":"services","status":"publish","type":"page","link":"https:\/\/synapse.it\/ro\/services\/","title":{"rendered":"PRODUSE \u0218I SERVICII"},"content":{"rendered":"<div class=\"fusion-fullwidth fullwidth-box fusion-builder-row-1 fusion-flex-container nonhundred-percent-fullwidth non-hundred-percent-height-scrolling\" style=\"--awb-border-radius-top-left:0px;--awb-border-radius-top-right:0px;--awb-border-radius-bottom-right:0px;--awb-border-radius-bottom-left:0px;--awb-flex-wrap:wrap;\" ><div class=\"fusion-builder-row fusion-row fusion-flex-align-items-flex-start fusion-flex-content-wrap\" style=\"max-width:1248px;margin-left: calc(-4% \/ 2 );margin-right: calc(-4% \/ 2 );\"><div class=\"fusion-layout-column fusion_builder_column fusion-builder-column-0 fusion_builder_column_1_1 1_1 fusion-flex-column\" style=\"--awb-bg-blend:overlay;--awb-bg-size:cover;--awb-width-large:100%;--awb-margin-top-large:0px;--awb-spacing-right-large:1.92%;--awb-margin-bottom-large:0px;--awb-spacing-left-large:1.92%;--awb-width-medium:100%;--awb-spacing-right-medium:1.92%;--awb-spacing-left-medium:1.92%;--awb-width-small:100%;--awb-spacing-right-small:1.92%;--awb-spacing-left-small:1.92%;\"><div class=\"fusion-column-wrapper fusion-flex-justify-content-flex-start fusion-content-layout-column\"><div class=\"fusion-text fusion-text-1\"><\/div><div class=\"fusion-content-boxes content-boxes columns row fusion-columns-4 fusion-columns-total-8 fusion-content-boxes-1 content-boxes-icon-with-title content-left\" style=\"--awb-backgroundcolor:var(--awb-color3);--awb-hover-accent-color:var(--awb-color4);--awb-circle-hover-accent-color:var(--awb-color4);\" data-animationoffset=\"top-into-view\"><div style=\"--awb-backgroundcolor:var(--awb-color3);\" class=\"fusion-column content-box-column content-box-column content-box-column-1 col-lg-3 col-md-3 col-sm-3 fusion-content-box-hover content-box-column-first-in-row\"><div class=\"col content-box-wrapper content-wrapper-background link-area-link-icon link-type-text content-icon-wrapper-yes icon-hover-animation-fade\" data-animationoffset=\"top-into-view\"><div class=\"heading heading-with-icon icon-left\"><a class=\"heading-link\" style=\"float:left;\" href=\"https:\/\/synapse.it\/ro\/support-services\/\" target=\"_self\"><div aria-hidden=\"true\" class=\"image\"><img decoding=\"async\" src=\"https:\/\/synapse.it\/wp-content\/uploads\/2022\/03\/support-services-icn.png\" width=\"200\" height=\"200\" alt=\"\" \/><\/div><\/a><\/div><div class=\"fusion-clearfix\"><\/div><div class=\"content-container\">\n<h5><a href=\"https:\/\/synapse.it\/ro\/support-services\/\"><strong>Servicii Suport<\/strong><\/a><\/h5>\n<p>Oferim at\u00e2t op\u021biuni ad-hoc, c\u00e2t \u0219i \u201epachete de \u00eengrijire total\u0103\u201d pentru ca sistemele \u0219i serviciile IT s\u0103 ruleze \u00een mod optim.<\/p>\n<\/div><div class=\"fusion-clearfix\"><\/div><a class=\"fusion-read-more\" style=\"float:left;\" href=\"https:\/\/synapse.it\/ro\/support-services\/\" target=\"_self\">mai mult ...<\/a><div class=\"fusion-clearfix\"><\/div><\/div><\/div><div style=\"--awb-backgroundcolor:var(--awb-color3);\" class=\"fusion-column content-box-column content-box-column content-box-column-2 col-lg-3 col-md-3 col-sm-3 fusion-content-box-hover\"><div class=\"col content-box-wrapper content-wrapper-background link-area-link-icon link-type-text content-icon-wrapper-yes icon-hover-animation-fade\" data-animationoffset=\"top-into-view\"><div class=\"heading heading-with-icon icon-left\"><a class=\"heading-link\" style=\"float:left;\" href=\"https:\/\/synapse.it\/ro\/24x7-monitoring\/\" target=\"_self\"><div aria-hidden=\"true\" class=\"image\"><img decoding=\"async\" src=\"https:\/\/synapse.it\/wp-content\/uploads\/2022\/03\/24x7-monitoring-icn.png\" width=\"200\" height=\"200\" alt=\"\" \/><\/div><\/a><\/div><div class=\"fusion-clearfix\"><\/div><div class=\"content-container\">\n<h5><a href=\"https:\/\/synapse.it\/ro\/24x7-monitoring\/\"><strong>Monitorizare 24 x 7<\/strong><\/a><\/h5>\n<p class=\"translation-block\">\u00cen culise, dispozitivele sunt protejate, monitorizate \u0219i \u00eentre\u021binute proactiv ... tot timpul: 24 x 7 x 365.<\/p>\n<\/div><div class=\"fusion-clearfix\"><\/div><a class=\"fusion-read-more\" style=\"float:left;\" href=\"https:\/\/synapse.it\/ro\/24x7-monitoring\/\" target=\"_self\">mai mult ...<\/a><div class=\"fusion-clearfix\"><\/div><\/div><\/div><div style=\"--awb-backgroundcolor:var(--awb-color3);\" class=\"fusion-column content-box-column content-box-column content-box-column-3 col-lg-3 col-md-3 col-sm-3 fusion-content-box-hover\"><div class=\"col content-box-wrapper content-wrapper-background link-area-link-icon link-type-text content-icon-wrapper-yes icon-hover-animation-fade\" data-animationoffset=\"top-into-view\"><div class=\"heading heading-with-icon icon-left\"><a class=\"heading-link\" style=\"float:left;\" href=\"https:\/\/synapse.it\/ro\/cloud-solutions\/\" target=\"_self\"><div aria-hidden=\"true\" class=\"image\"><img decoding=\"async\" src=\"https:\/\/synapse.it\/wp-content\/uploads\/2022\/03\/cloud-solutions-icn.png\" width=\"200\" height=\"200\" alt=\"\" \/><\/div><\/a><\/div><div class=\"fusion-clearfix\"><\/div><div class=\"content-container\">\n<h5><a href=\"https:\/\/synapse.it\/ro\/cloud-solutions\/\"><strong>Solu\u021bii Cloud<\/strong><\/a><\/h5>\n<p>Oferim spa\u021biu de stocare securizat \u00een cloud cu criptarea datelor \u0219i solu\u021bii de sincronizare, precum \u0219i g\u0103zduire.<\/p>\n<\/div><div class=\"fusion-clearfix\"><\/div><a class=\"fusion-read-more\" style=\"float:left;\" href=\"https:\/\/synapse.it\/ro\/cloud-solutions\/\" target=\"_self\">mai mult ...<\/a><div class=\"fusion-clearfix\"><\/div><\/div><\/div><div style=\"--awb-backgroundcolor:var(--awb-color3);\" class=\"fusion-column content-box-column content-box-column content-box-column-4 col-lg-3 col-md-3 col-sm-3 fusion-content-box-hover content-box-column-last-in-row\"><div class=\"col content-box-wrapper content-wrapper-background link-area-link-icon link-type-text content-icon-wrapper-yes icon-hover-animation-fade\" data-animationoffset=\"top-into-view\"><div class=\"heading heading-with-icon icon-left\"><a class=\"heading-link\" style=\"float:left;\" href=\"https:\/\/synapse.it\/ro\/email-solutions\/\" target=\"_self\"><div aria-hidden=\"true\" class=\"image\"><img decoding=\"async\" src=\"https:\/\/synapse.it\/wp-content\/uploads\/2022\/03\/email-solutions-icn.png\" width=\"200\" height=\"200\" alt=\"\" \/><\/div><\/a><\/div><div class=\"fusion-clearfix\"><\/div><div class=\"content-container\">\n<h5><a href=\"https:\/\/synapse.it\/ro\/email-solutions\/\"><strong>Solu\u021bii E-mail<\/strong><\/a><\/h5>\n<p>Solu\u021biile de g\u0103zduire e-mail cu arhivare \u0219i filtrare a amenin\u021b\u0103rilor stau la baza afacerii noastre de peste 20 de ani.<\/p>\n<\/div><div class=\"fusion-clearfix\"><\/div><a class=\"fusion-read-more\" style=\"float:left;\" href=\"https:\/\/synapse.it\/ro\/email-solutions\/\" target=\"_self\">mai mult ...<\/a><div class=\"fusion-clearfix\"><\/div><\/div><\/div><div style=\"--awb-backgroundcolor:var(--awb-color3);\" class=\"fusion-column content-box-column content-box-column content-box-column-5 col-lg-3 col-md-3 col-sm-3 fusion-content-box-hover content-box-column-first-in-row\"><div class=\"col content-box-wrapper content-wrapper-background link-area-link-icon link-type-text content-icon-wrapper-yes icon-hover-animation-fade\" data-animationoffset=\"top-into-view\"><div class=\"heading heading-with-icon icon-left\"><a class=\"heading-link\" style=\"float:left;\" href=\"https:\/\/synapse.it\/ro\/backup-and-recovery\/\" target=\"_self\"><div aria-hidden=\"true\" class=\"image\"><img decoding=\"async\" src=\"https:\/\/synapse.it\/wp-content\/uploads\/2022\/03\/backup-and-recovery-icn.png\" width=\"200\" height=\"200\" alt=\"\" \/><\/div><\/a><\/div><div class=\"fusion-clearfix\"><\/div><div class=\"content-container\">\n<h5><a href=\"https:\/\/synapse.it\/ro\/backup-and-recovery\/\"><strong>Backup & Recovery<\/strong><\/a><\/h5>\n<p>Oferim o suit\u0103 complet\u0103 de solu\u021bii de backup \u0219i recuperare \u00een caz de dezastru de peste 20 de ani... sunte\u021bi \u00een siguran\u021b\u0103!<\/p>\n<\/div><div class=\"fusion-clearfix\"><\/div><a class=\"fusion-read-more\" style=\"float:left;\" href=\"https:\/\/synapse.it\/ro\/backup-and-recovery\/\" target=\"_self\">mai mult ...<\/a><div class=\"fusion-clearfix\"><\/div><\/div><\/div><div style=\"--awb-backgroundcolor:var(--awb-color3);\" class=\"fusion-column content-box-column content-box-column content-box-column-6 col-lg-3 col-md-3 col-sm-3 fusion-content-box-hover\"><div class=\"col content-box-wrapper content-wrapper-background link-area-link-icon link-type-text content-icon-wrapper-yes icon-hover-animation-fade\" data-animationoffset=\"top-into-view\"><div class=\"heading heading-with-icon icon-left\"><a class=\"heading-link\" style=\"float:left;\" href=\"https:\/\/synapse.it\/ro\/web-and-server-hosting\/\" target=\"_self\"><div aria-hidden=\"true\" class=\"image\"><img decoding=\"async\" src=\"https:\/\/synapse.it\/wp-content\/uploads\/2022\/03\/web-and-server-hosting-icn.png\" width=\"200\" height=\"200\" alt=\"\" \/><\/div><\/a><\/div><div class=\"fusion-clearfix\"><\/div><div class=\"content-container\">\n<h5><a href=\"https:\/\/synapse.it\/ro\/web-and-server-hosting\/\"><strong>Web & Server Hosting<\/strong><\/a><\/h5>\n<p>G\u0103zduire web pe servere \u00een cloud, \u00eenregistr\u0103ri de domenii \u0219i administrare DNS \u00eembun\u0103t\u0103\u021bit\u0103 pe platformele solide, de top.<\/p>\n<\/div><div class=\"fusion-clearfix\"><\/div><a class=\"fusion-read-more\" style=\"float:left;\" href=\"https:\/\/synapse.it\/ro\/web-and-server-hosting\/\" target=\"_self\">mai mult ...<\/a><div class=\"fusion-clearfix\"><\/div><\/div><\/div><div style=\"--awb-backgroundcolor:var(--awb-color3);\" class=\"fusion-column content-box-column content-box-column content-box-column-7 col-lg-3 col-md-3 col-sm-3 fusion-content-box-hover\"><div class=\"col content-box-wrapper content-wrapper-background link-area-link-icon link-type-text content-icon-wrapper-yes icon-hover-animation-fade\" data-animationoffset=\"top-into-view\"><div class=\"heading heading-with-icon icon-left\"><a class=\"heading-link\" style=\"float:left;\" href=\"https:\/\/synapse.it\/ro\/voip-telephony\/\" target=\"_self\"><div aria-hidden=\"true\" class=\"image\"><img decoding=\"async\" src=\"https:\/\/synapse.it\/wp-content\/uploads\/2022\/03\/voip-telephony-icn.png\" width=\"200\" height=\"200\" alt=\"\" \/><\/div><\/a><\/div><div class=\"fusion-clearfix\"><\/div><div class=\"content-container\">\n<h5><a href=\"https:\/\/synapse.it\/ro\/voip-telephony\/\"><strong>Telefonie VOIP<\/strong><\/a><\/h5>\n<p>Ajut\u0103m companiile \u0219i persoanele fizice s\u0103 comunice \u0219i s\u0103 colaboreze de oriunde din lume cu o conexiune la Internet.<\/p>\n<\/div><div class=\"fusion-clearfix\"><\/div><a class=\"fusion-read-more\" style=\"float:left;\" href=\"https:\/\/synapse.it\/ro\/voip-telephony\/\" target=\"_self\">mai mult ...<\/a><div class=\"fusion-clearfix\"><\/div><\/div><\/div><div style=\"--awb-backgroundcolor:var(--awb-color3);\" class=\"fusion-column content-box-column content-box-column content-box-column-8 col-lg-3 col-md-3 col-sm-3 fusion-content-box-hover content-box-column-last content-box-column-last-in-row\"><div class=\"col content-box-wrapper content-wrapper-background link-area-link-icon link-type-text content-icon-wrapper-yes icon-hover-animation-fade\" data-animationoffset=\"top-into-view\"><div class=\"heading heading-with-icon icon-left\"><a class=\"heading-link\" style=\"float:left;\" href=\"https:\/\/synapse.it\/ro\/professional-services\/\" target=\"_self\"><div aria-hidden=\"true\" class=\"image\"><img decoding=\"async\" src=\"https:\/\/synapse.it\/wp-content\/uploads\/2022\/03\/professional-services-icn.png\" width=\"200\" height=\"200\" alt=\"\" \/><\/div><\/a><\/div><div class=\"fusion-clearfix\"><\/div><div class=\"content-container\">\n<h5><a href=\"https:\/\/synapse.it\/ro\/professional-services\/\"><strong>Servicii Profesionale<\/strong><\/a><\/h5>\n<p>Oferim asisten\u021b\u0103 de specialitate care v\u0103 ajut\u0103 s\u0103 v\u0103 ocupa\u021bi de sarcini ad-hoc sau de proiecte mai detaliate.<\/p>\n<\/div><div class=\"fusion-clearfix\"><\/div><a class=\"fusion-read-more\" style=\"float:left;\" href=\"https:\/\/synapse.it\/ro\/professional-services\/\" target=\"_self\">mai mult ...<\/a><div class=\"fusion-clearfix\"><\/div><\/div><\/div><div class=\"fusion-clearfix\"><\/div><\/div><\/div><\/div><\/div><\/div>","protected":false},"excerpt":{"rendered":"","protected":false},"author":1,"featured_media":0,"parent":0,"menu_order":3,"comment_status":"closed","ping_status":"closed","template":"","meta":{"_acf_changed":false,"_monsterinsights_skip_tracking":false,"_monsterinsights_sitenote_active":false,"_monsterinsights_sitenote_note":"","_monsterinsights_sitenote_category":0,"footnotes":""},"class_list":["post-27","page","type-page","status-publish","hentry"],"acf":[],"aioseo_notices":[],"_links":{"self":[{"href":"https:\/\/synapse.it\/ro\/wp-json\/wp\/v2\/pages\/27","targetHints":{"allow":["GET"]}}],"collection":[{"href":"https:\/\/synapse.it\/ro\/wp-json\/wp\/v2\/pages"}],"about":[{"href":"https:\/\/synapse.it\/ro\/wp-json\/wp\/v2\/types\/page"}],"author":[{"embeddable":true,"href":"https:\/\/synapse.it\/ro\/wp-json\/wp\/v2\/users\/1"}],"replies":[{"embeddable":true,"href":"https:\/\/synapse.it\/ro\/wp-json\/wp\/v2\/comments?post=27"}],"version-history":[{"count":0,"href":"https:\/\/synapse.it\/ro\/wp-json\/wp\/v2\/pages\/27\/revisions"}],"wp:attachment":[{"href":"https:\/\/synapse.it\/ro\/wp-json\/wp\/v2\/media?parent=27"}],"curies":[{"name":"wp","href":"https:\/\/api.w.org\/{rel}","templated":true}]}}