{"id":497,"date":"2018-05-21T14:53:46","date_gmt":"2018-05-21T13:53:46","guid":{"rendered":"http:\/\/new.synapse.it\/knowledgebase\/backup-and-recovery-copy\/"},"modified":"2022-03-24T22:44:34","modified_gmt":"2022-03-24T22:44:34","slug":"web-and-server-hosting","status":"publish","type":"page","link":"https:\/\/synapse.it\/ro\/web-and-server-hosting\/","title":{"rendered":"G\u0103zduire Web \u0219i Server"},"content":{"rendered":"<div class=\"fusion-fullwidth fullwidth-box fusion-builder-row-1 fusion-flex-container nonhundred-percent-fullwidth non-hundred-percent-height-scrolling\" style=\"--awb-border-radius-top-left:0px;--awb-border-radius-top-right:0px;--awb-border-radius-bottom-right:0px;--awb-border-radius-bottom-left:0px;--awb-flex-wrap:wrap;\" ><div class=\"fusion-builder-row fusion-row fusion-flex-align-items-flex-start fusion-flex-content-wrap\" style=\"max-width:1248px;margin-left: calc(-4% \/ 2 );margin-right: calc(-4% \/ 2 );\"><div class=\"fusion-layout-column fusion_builder_column fusion-builder-column-0 fusion_builder_column_1_1 1_1 fusion-flex-column\" style=\"--awb-bg-size:cover;--awb-width-large:100%;--awb-margin-top-large:0px;--awb-spacing-right-large:1.92%;--awb-margin-bottom-large:0px;--awb-spacing-left-large:1.92%;--awb-width-medium:100%;--awb-spacing-right-medium:1.92%;--awb-spacing-left-medium:1.92%;--awb-width-small:100%;--awb-spacing-right-small:1.92%;--awb-spacing-left-small:1.92%;\"><div class=\"fusion-column-wrapper fusion-flex-justify-content-flex-start fusion-content-layout-column\"><div class=\"fusion-image-element\" style=\"text-align:center;--awb-max-width:600px;--awb-caption-title-font-family:var(--h2_typography-font-family);--awb-caption-title-font-weight:var(--h2_typography-font-weight);--awb-caption-title-font-style:var(--h2_typography-font-style);--awb-caption-title-size:var(--h2_typography-font-size);--awb-caption-title-transform:var(--h2_typography-text-transform);--awb-caption-title-line-height:var(--h2_typography-line-height);--awb-caption-title-letter-spacing:var(--h2_typography-letter-spacing);\"><span class=\"fusion-imageframe imageframe-none imageframe-1 hover-type-none\"><img decoding=\"async\" src=\"https:\/\/synapse.it\/wp-content\/uploads\/2022\/03\/servers.jpg\" alt class=\"img-responsive\"\/><\/span><\/div><div class=\"fusion-text fusion-text-1 fusion-text-no-margin\" style=\"--awb-text-transform:none;--awb-margin-top:50px;--awb-margin-bottom:50px;\"><p class=\"translation-block\"><span style=\"color: #cc0066\"><strong>Synapse<\/strong><\/span> ofer\u0103 servicii de g\u0103zduire de \u00eenalt\u0103 calitate din 1999.<\/p>\n<p class=\"translation-block\">Oferim o gam\u0103 larg\u0103 de servicii, inclusiv <strong>Cloud Web Hosting<\/strong>, <strong>WordPress Hosting<\/strong>, <strong>Virtual Machine Hosting<\/strong>, <strong>Firewalling \u00eembun\u0103t\u0103\u021bit<\/strong>, <strong>Domain Registration &amp; Management<\/strong> la pre\u021buri reduse \u0219i securitate prin <strong>Certificate SSL<\/strong>. Suport\u0103m at\u00e2t mediile de g\u0103zduire <strong>Windows<\/strong>, c\u00e2t \u0219i <strong>Linux<\/strong>, ceea ce \u00eenseamn\u0103 c\u0103 cerin\u021bele practic tuturor aplica\u021biilor moderne pot fi \u00eendeplinite f\u0103r\u0103 probleme.\u00a0 Sistemele noastre super-rapide ne permit s\u0103 pornim servere noi sau suplimentare \u00een c\u00e2teva minute, la cerere.<\/p>\n<p>Dac\u0103 \u00een prezent v\u0103 g\u0103zdui\u021bi serverele, site-ul sau domeniile \u00een alt\u0103 parte \u0219i c\u0103uta\u021bi o experien\u021b\u0103 mai personalizat\u0103, v\u0103 putem ajuta cu o migrare f\u0103r\u0103 probleme c\u0103tre noi. Am acumulat ani de experien\u021b\u0103, ceea ce \u00eenseamn\u0103 c\u0103, adesea, chiar \u0219i \u00een timpul unei migr\u0103ri, clien\u021bii no\u0219tri nu au niciun fel de \u00eentrerupere.<\/p>\n<p class=\"translation-block\">Serverele sunt localizate \u00een centre de date de ultim\u0103 genera\u021bie din Europa (Londra, Amsterdam, Frankfurt), SUA (New York, Dallas) \u0219i Australia (Sydney) \u0219i sunt oferite prin parteneriate strategice cu <strong>Wasabi<\/strong>, <strong>Vultr<\/strong> \u0219i <strong>StackPath<\/strong>. Prin aceste parteneriate putem oferi g\u0103zduire cu securitatea, rezilien\u021ba \u0219i performan\u021ba ridicat\u0103 necesare pentru a le oferi clien\u021bilor no\u0219tri o disponibilitate \u0219i o fiabilitate aproape nelimitate a l\u0103\u021bimii de band\u0103.\u00a0 Toate centrele de date sunt conforme cu ISO, HIPAA \u0219i (\u00een cazul Londrei, Amsterdam \u0219i Frankfurt) cu GDPR.<\/p>\n<\/div><\/div><\/div><\/div><\/div>","protected":false},"excerpt":{"rendered":"","protected":false},"author":1,"featured_media":0,"parent":0,"menu_order":16,"comment_status":"closed","ping_status":"closed","template":"","meta":{"_acf_changed":false,"_monsterinsights_skip_tracking":false,"_monsterinsights_sitenote_active":false,"_monsterinsights_sitenote_note":"","_monsterinsights_sitenote_category":0,"footnotes":""},"class_list":["post-497","page","type-page","status-publish","hentry"],"acf":[],"aioseo_notices":[],"_links":{"self":[{"href":"https:\/\/synapse.it\/ro\/wp-json\/wp\/v2\/pages\/497","targetHints":{"allow":["GET"]}}],"collection":[{"href":"https:\/\/synapse.it\/ro\/wp-json\/wp\/v2\/pages"}],"about":[{"href":"https:\/\/synapse.it\/ro\/wp-json\/wp\/v2\/types\/page"}],"author":[{"embeddable":true,"href":"https:\/\/synapse.it\/ro\/wp-json\/wp\/v2\/users\/1"}],"replies":[{"embeddable":true,"href":"https:\/\/synapse.it\/ro\/wp-json\/wp\/v2\/comments?post=497"}],"version-history":[{"count":0,"href":"https:\/\/synapse.it\/ro\/wp-json\/wp\/v2\/pages\/497\/revisions"}],"wp:attachment":[{"href":"https:\/\/synapse.it\/ro\/wp-json\/wp\/v2\/media?parent=497"}],"curies":[{"name":"wp","href":"https:\/\/api.w.org\/{rel}","templated":true}]}}