{"id":499,"date":"2018-05-21T14:54:17","date_gmt":"2018-05-21T13:54:17","guid":{"rendered":"http:\/\/new.synapse.it\/knowledgebase\/web-and-server-hosting-copy\/"},"modified":"2022-03-24T22:59:09","modified_gmt":"2022-03-24T22:59:09","slug":"voip-telephony","status":"publish","type":"page","link":"https:\/\/synapse.it\/ro\/voip-telephony\/","title":{"rendered":"Telefonie VOIP"},"content":{"rendered":"<div class=\"fusion-fullwidth fullwidth-box fusion-builder-row-1 fusion-flex-container nonhundred-percent-fullwidth non-hundred-percent-height-scrolling\" style=\"--awb-border-radius-top-left:0px;--awb-border-radius-top-right:0px;--awb-border-radius-bottom-right:0px;--awb-border-radius-bottom-left:0px;--awb-flex-wrap:wrap;\" ><div class=\"fusion-builder-row fusion-row fusion-flex-align-items-flex-start fusion-flex-content-wrap\" style=\"max-width:1248px;margin-left: calc(-4% \/ 2 );margin-right: calc(-4% \/ 2 );\"><div class=\"fusion-layout-column fusion_builder_column fusion-builder-column-0 fusion_builder_column_1_1 1_1 fusion-flex-column\" style=\"--awb-bg-size:cover;--awb-width-large:100%;--awb-margin-top-large:0px;--awb-spacing-right-large:1.92%;--awb-margin-bottom-large:0px;--awb-spacing-left-large:1.92%;--awb-width-medium:100%;--awb-spacing-right-medium:1.92%;--awb-spacing-left-medium:1.92%;--awb-width-small:100%;--awb-spacing-right-small:1.92%;--awb-spacing-left-small:1.92%;\"><div class=\"fusion-column-wrapper fusion-flex-justify-content-flex-start fusion-content-layout-column\"><div class=\"fusion-image-element\" style=\"text-align:center;--awb-max-width:600px;--awb-caption-title-font-family:var(--h2_typography-font-family);--awb-caption-title-font-weight:var(--h2_typography-font-weight);--awb-caption-title-font-style:var(--h2_typography-font-style);--awb-caption-title-size:var(--h2_typography-font-size);--awb-caption-title-transform:var(--h2_typography-text-transform);--awb-caption-title-line-height:var(--h2_typography-line-height);--awb-caption-title-letter-spacing:var(--h2_typography-letter-spacing);\"><span class=\"fusion-imageframe imageframe-none imageframe-1 hover-type-none\"><img decoding=\"async\" src=\"https:\/\/synapse.it\/wp-content\/uploads\/2022\/03\/voip-telephony.jpg\" alt class=\"img-responsive\"\/><\/span><\/div><div class=\"fusion-text fusion-text-1 fusion-text-no-margin\" style=\"--awb-text-transform:none;--awb-margin-top:50px;--awb-margin-bottom:50px;\"><p class=\"translation-block\"><b>VOIP<\/b> (<b>Voice over Internet Protocol<\/b>) este un alt nume pentru <b>Telefonie IP<\/b>, <b>Telefonie prin Internet<\/b> sau <b>Apeluri prin Internet<\/b>.\u00a0 Este o modalitate alternativ\u0103 de a efectua apeluri telefonice care poate fi foarte ieftin\u0103 sau complet gratuit\u0103. Partea telefonic\u0103 nu mai este \u00eentotdeauna prezent\u0103, deoarece pute\u021bi alege s\u0103 comunica\u021bi \u0219i f\u0103r\u0103 un receptor telefonic (folosind o aplica\u021bie pe un computer sau un dispozitiv portabil).\u00a0 Pe scurt, <b>VOIP<\/b> are o mul\u021bime de avantaje fa\u021b\u0103 de sistemele de telefonie tradi\u021bionale.<\/p>\n<p class=\"translation-block\">Principalul motiv pentru trecerea masiv\u0103 la tehnologia <b>VOIP<\/b> este costul.\u00a0 <b>VOIP<\/b> este o modalitate de a reduce costurile de comunicare \u0219i, \u00een acela\u0219i timp, de a ad\u0103uga mai multe func\u021bii la comunicarea \u0219i interac\u021biunea dintre angaja\u021bi \u0219i clien\u021bi.\u00a0 Sistemele <strong>VOIP<\/strong> sunt mai eficiente \u0219i ofer\u0103 o calitate mai bun\u0103.<\/p>\n<p class=\"translation-block\">Exist\u0103 mai multe modalit\u0103\u021bi de utilizare a tehnologiei <b>VOIP<\/b>. Totul depinde de locul \u0219i de modul \u00een care o persoan\u0103 va efectua apelurile. Ar putea fi acas\u0103, la serviciu, \u00eentr-o re\u021bea corporativ\u0103, \u00een timp ce c\u0103l\u0103tore\u0219te sau chiar pe plaj\u0103!<\/p>\n<p class=\"translation-block\"><b>VOIP<\/b> poate fi folosit gratuit cu calculatoare \u0219i chiar, \u00een unele cazuri, cu telefoane mobile \u0219i fixe. Cu toate acestea, atunci c\u00e2nd este folosit pentru a \u00eenlocui complet serviciul <b>PSTN<\/b>, atunci are un pre\u021b. Dar acest pre\u021b este mult mai ieftin dec\u00e2t apelurile telefonice standard. Acest lucru devine foarte interesant atunci c\u00e2nd lua\u021bi \u00een considerare apelurile interna\u021bionale. Unora li s-au redus costurile de comunicare la apelurile interna\u021bionale cu 90% datorit\u0103 <b>VOIP<\/b>.<\/p>\n<p class=\"translation-block\">Noi \u00een\u0219ine, la <b><mark class=\"highlight\">Synapse<\/mark><\/b>, folosim <b>VOIP<\/b> zilnic. Echipa noastr\u0103 de la departamentul de asisten\u021b\u0103 din Bucure\u0219ti poart\u0103 convorbiri zilnice cu clien\u021bi din \u00eentreaga lume, prezent\u00e2ndu-se cu numerele noastre de telefon din Marea Britanie. Clien\u021bii din Marea Britanie pot suna \u0219tiind c\u0103 nu \u00eei cost\u0103 mai mult dec\u00e2t un apel c\u0103tre oricine din Londra. Pentru noi, apelurile \u00eentre diferitele noastre puncte de lucru din \u00eentreaga lume pot fi f\u0103cute gratuit. Pe scurt, tehnologia <b>VOIP<\/b> ne-a permis s\u0103 ne preocup\u0103m mult mai pu\u021bin de locul \u00een care ne afl\u0103m.<\/p>\n<p class=\"translation-block\">Av\u00e2nd \u00een vedere c\u0103 beneficiem zilnic de experien\u021b\u0103 proprie cu tehnologia <b>VOIP<\/b>, de ce s\u0103 nu te ajut\u0103m cu nevoile tale de telefonie?<\/p>\n<\/div><\/div><\/div><\/div><\/div>","protected":false},"excerpt":{"rendered":"","protected":false},"author":1,"featured_media":0,"parent":0,"menu_order":17,"comment_status":"closed","ping_status":"closed","template":"","meta":{"_acf_changed":false,"_monsterinsights_skip_tracking":false,"_monsterinsights_sitenote_active":false,"_monsterinsights_sitenote_note":"","_monsterinsights_sitenote_category":0,"footnotes":""},"class_list":["post-499","page","type-page","status-publish","hentry"],"acf":[],"aioseo_notices":[],"_links":{"self":[{"href":"https:\/\/synapse.it\/ro\/wp-json\/wp\/v2\/pages\/499","targetHints":{"allow":["GET"]}}],"collection":[{"href":"https:\/\/synapse.it\/ro\/wp-json\/wp\/v2\/pages"}],"about":[{"href":"https:\/\/synapse.it\/ro\/wp-json\/wp\/v2\/types\/page"}],"author":[{"embeddable":true,"href":"https:\/\/synapse.it\/ro\/wp-json\/wp\/v2\/users\/1"}],"replies":[{"embeddable":true,"href":"https:\/\/synapse.it\/ro\/wp-json\/wp\/v2\/comments?post=499"}],"version-history":[{"count":0,"href":"https:\/\/synapse.it\/ro\/wp-json\/wp\/v2\/pages\/499\/revisions"}],"wp:attachment":[{"href":"https:\/\/synapse.it\/ro\/wp-json\/wp\/v2\/media?parent=499"}],"curies":[{"name":"wp","href":"https:\/\/api.w.org\/{rel}","templated":true}]}}