{"id":532,"date":"2018-05-21T18:00:47","date_gmt":"2018-05-21T17:00:47","guid":{"rendered":"http:\/\/new.synapse.it\/products-and-services\/backup-and-recovery-copy\/"},"modified":"2022-03-26T13:47:33","modified_gmt":"2022-03-26T13:47:33","slug":"24x7-monitoring","status":"publish","type":"page","link":"https:\/\/synapse.it\/ro\/24x7-monitoring\/","title":{"rendered":"Monitorizare 24 x 7"},"content":{"rendered":"<div class=\"fusion-fullwidth fullwidth-box fusion-builder-row-1 fusion-flex-container nonhundred-percent-fullwidth non-hundred-percent-height-scrolling\" style=\"--awb-border-radius-top-left:0px;--awb-border-radius-top-right:0px;--awb-border-radius-bottom-right:0px;--awb-border-radius-bottom-left:0px;--awb-flex-wrap:wrap;\" ><div class=\"fusion-builder-row fusion-row fusion-flex-align-items-flex-start fusion-flex-content-wrap\" style=\"max-width:1248px;margin-left: calc(-4% \/ 2 );margin-right: calc(-4% \/ 2 );\"><div class=\"fusion-layout-column fusion_builder_column fusion-builder-column-0 fusion_builder_column_1_1 1_1 fusion-flex-column\" style=\"--awb-bg-blend:overlay;--awb-bg-size:cover;--awb-width-large:100%;--awb-margin-top-large:0px;--awb-spacing-right-large:1.92%;--awb-margin-bottom-large:0px;--awb-spacing-left-large:1.92%;--awb-width-medium:100%;--awb-spacing-right-medium:1.92%;--awb-spacing-left-medium:1.92%;--awb-width-small:100%;--awb-spacing-right-small:1.92%;--awb-spacing-left-small:1.92%;\"><div class=\"fusion-column-wrapper fusion-flex-justify-content-flex-start fusion-content-layout-column\"><div class=\"fusion-image-element\" style=\"text-align:center;--awb-max-width:600px;--awb-caption-title-font-family:var(--h2_typography-font-family);--awb-caption-title-font-weight:var(--h2_typography-font-weight);--awb-caption-title-font-style:var(--h2_typography-font-style);--awb-caption-title-size:var(--h2_typography-font-size);--awb-caption-title-transform:var(--h2_typography-text-transform);--awb-caption-title-line-height:var(--h2_typography-line-height);--awb-caption-title-letter-spacing:var(--h2_typography-letter-spacing);\"><span class=\"fusion-imageframe imageframe-none imageframe-1 hover-type-none\"><img decoding=\"async\" src=\"https:\/\/synapse.it\/wp-content\/uploads\/2022\/03\/monitoring.jpg\" alt class=\"img-responsive\"\/><\/span><\/div><div class=\"fusion-text fusion-text-1 fusion-text-no-margin\" style=\"--awb-text-transform:none;--awb-margin-top:50px;--awb-margin-bottom:50px;\"><p><strong>Proactive Monitoring & Maintenance<\/strong> of our clients' devices is enabled through the simple installation of our highly-intelligent <strong>Proactive Monitoring & Maintenance<\/strong> software agent on each device together with an included (and complimentary) <strong>Bitdefender AntiVirus<\/strong> subscription and secure remote access software. Behind the scenes the devices are proactively protected, monitored and maintained 24 hours a day, 7 days a week, 365 days a year.<\/p>\n<p>Prin efectuarea \u00een culise a ac\u021biunilor de monitorizare \u0219i \u00eentre\u021binere, putem reduce \u00een mod semnificativ timpul de nefunc\u021bionare cu care v\u0103 confrunta\u021bi dumneavoastr\u0103 \u0219i colegii dumneavoastr\u0103. Pe termen lung, economisi\u021bi bani, pentru c\u0103 v\u0103 confrunta\u021bi cu mai pu\u021bine probleme, cu timpi mor\u021bi mai scur\u021bi \u0219i beneficia\u021bi de un tarif fix f\u0103r\u0103 surprize, care face lucrurile c\u00e2t se poate de simple. Pe scurt, de ce s\u0103 cump\u0103ra\u021bi separat produse AntiVirus, AntiMalware \u0219i Remote Control atunci c\u00e2nd pentru o sum\u0103 mai mic\u0103 pute\u021bi beneficia de aceea\u0219i protec\u021bie (sau de una chiar mai bun\u0103), precum \u0219i de o echip\u0103 de ingineri care se asigur\u0103 c\u0103 dispozitivul dumneavoastr\u0103 func\u021bioneaz\u0103 c\u00e2t se poate de bine?<\/p>\n<p>Usually our highly-intelligent agent negates the need for constant and laborious human involvement in the upkeep of a device. Should anything require human intervention, however, the agent automatically alerts our engineers and a course of action can be agreed upon by the owner of the device and our team. This is particularly important with servers as it's critical to know, for example, about a predictive hard drive failure so that immediate emergency action can be taken rather than missing a flashing red light because the server is in another room or is locked away in a cupboard.<\/p>\n<p>Each month a downloadable PDF report is produced so that trends can be spotted; Is the device running out of disk space? Does it continue to have sufficient RAM to run the applications asked of it? Has there been unusually high activity by the AntiVirus and\/or AntiMalware plugins? Has the Internet connection &#8216;gone down'?<\/p>\n<p><strong>Proactive Monitoring & Maintenance<\/strong> is a small price to pay for the smooth running of your devices and to be &#8216;in the know' at all times.<\/p>\n<\/div><\/div><\/div><\/div><\/div>","protected":false},"excerpt":{"rendered":"","protected":false},"author":1,"featured_media":0,"parent":0,"menu_order":12,"comment_status":"closed","ping_status":"closed","template":"","meta":{"_acf_changed":false,"_monsterinsights_skip_tracking":false,"_monsterinsights_sitenote_active":false,"_monsterinsights_sitenote_note":"","_monsterinsights_sitenote_category":0,"footnotes":""},"class_list":["post-532","page","type-page","status-publish","hentry"],"acf":[],"aioseo_notices":[],"_links":{"self":[{"href":"https:\/\/synapse.it\/ro\/wp-json\/wp\/v2\/pages\/532","targetHints":{"allow":["GET"]}}],"collection":[{"href":"https:\/\/synapse.it\/ro\/wp-json\/wp\/v2\/pages"}],"about":[{"href":"https:\/\/synapse.it\/ro\/wp-json\/wp\/v2\/types\/page"}],"author":[{"embeddable":true,"href":"https:\/\/synapse.it\/ro\/wp-json\/wp\/v2\/users\/1"}],"replies":[{"embeddable":true,"href":"https:\/\/synapse.it\/ro\/wp-json\/wp\/v2\/comments?post=532"}],"version-history":[{"count":0,"href":"https:\/\/synapse.it\/ro\/wp-json\/wp\/v2\/pages\/532\/revisions"}],"wp:attachment":[{"href":"https:\/\/synapse.it\/ro\/wp-json\/wp\/v2\/media?parent=532"}],"curies":[{"name":"wp","href":"https:\/\/api.w.org\/{rel}","templated":true}]}}