{"id":640,"date":"2018-05-22T11:10:45","date_gmt":"2018-05-22T10:10:45","guid":{"rendered":"http:\/\/new.synapse.it\/about-us-copy\/"},"modified":"2025-03-04T17:20:15","modified_gmt":"2025-03-04T17:20:15","slug":"payments","status":"publish","type":"page","link":"https:\/\/synapse.it\/ro\/payments\/","title":{"rendered":"Pl\u0103te\u0219te Synapse!"},"content":{"rendered":"<div class=\"fusion-fullwidth fullwidth-box fusion-builder-row-1 fusion-flex-container nonhundred-percent-fullwidth non-hundred-percent-height-scrolling\" style=\"--awb-border-radius-top-left:0px;--awb-border-radius-top-right:0px;--awb-border-radius-bottom-right:0px;--awb-border-radius-bottom-left:0px;--awb-flex-wrap:wrap;\" ><div class=\"fusion-builder-row fusion-row fusion-flex-align-items-flex-start fusion-flex-content-wrap\" style=\"max-width:1248px;margin-left: calc(-4% \/ 2 );margin-right: calc(-4% \/ 2 );\"><div class=\"fusion-layout-column fusion_builder_column fusion-builder-column-0 fusion_builder_column_1_1 1_1 fusion-flex-column\" style=\"--awb-bg-blend:overlay;--awb-bg-size:cover;--awb-width-large:100%;--awb-margin-top-large:0px;--awb-spacing-right-large:1.92%;--awb-margin-bottom-large:0px;--awb-spacing-left-large:1.92%;--awb-width-medium:100%;--awb-spacing-right-medium:1.92%;--awb-spacing-left-medium:1.92%;--awb-width-small:100%;--awb-spacing-right-small:1.92%;--awb-spacing-left-small:1.92%;\"><div class=\"fusion-column-wrapper fusion-flex-justify-content-flex-start fusion-content-layout-column\"><div class=\"fusion-image-element\" style=\"text-align:center;--awb-max-width:600px;--awb-caption-title-font-family:var(--h2_typography-font-family);--awb-caption-title-font-weight:var(--h2_typography-font-weight);--awb-caption-title-font-style:var(--h2_typography-font-style);--awb-caption-title-size:var(--h2_typography-font-size);--awb-caption-title-transform:var(--h2_typography-text-transform);--awb-caption-title-line-height:var(--h2_typography-line-height);--awb-caption-title-letter-spacing:var(--h2_typography-letter-spacing);\"><span class=\"fusion-imageframe imageframe-none imageframe-1 hover-type-none\"><img decoding=\"async\" src=\"https:\/\/synapse.it\/wp-content\/uploads\/2022\/03\/payment.jpg\" alt class=\"img-responsive\"\/><\/span><\/div><div class=\"fusion-text fusion-text-1 fusion-text-no-margin\" style=\"--awb-text-transform:none;--awb-margin-top:50px;--awb-margin-bottom:50px;\"><p class=\"translation-block\">Efectua\u021bi o plat\u0103 c\u0103tre Synapse cu un card de debit sau de credit [MOMENTAN DOAR PENTRU CLIEN\u021aII DIN UK] - <a href=\"https:\/\/synapse.it\/ro\/card\/\" target=\"_self\"><span style=\"color: #cc0066\"><strong>pl\u0103ti\u021bi cu cardul<\/strong><\/span><\/a><\/p>\n<p class=\"translation-block\">Efectua\u021bi o plat\u0103 c\u0103tre Synapse folosind PayPal [MOMENTAN DOAR PENTRU CLIEN\u021aII DIN UK]- <a href=\"https:\/\/synapse.it\/ro\/paypal\/\" target=\"_self\"><span style=\"color: #cc0066\"><strong>pl\u0103ti\u021bi prin PayPal<\/strong><\/span><\/a><\/p>\n<p class=\"translation-block\">Configura\u021bi un mandat de debitare direct\u0103 pentru a v\u0103 pl\u0103ti automat facturile [DOAR DIN UK] - <a href=\"https:\/\/synapse.securecollections.net\/\" target=\"_blank\" rel=\"noopener\"><span style=\"color: #cc0066\"><strong>configura\u021bi mandatul<\/strong><\/span><\/span><\/a><\/p>\n<p>Make a payment in your local currency to Synapse (in GBP) using Wise &#8211; <a href=\"https:\/\/synapse.it\/ro\/wise\/\" target=\"_blank\" rel=\"noopener noreferrer\"><span style=\"color: #cc0066;\"><strong>pay by Wise<\/strong><\/span><\/a><\/p>\n<\/div><\/div><\/div><\/div><\/div>","protected":false},"excerpt":{"rendered":"","protected":false},"author":1,"featured_media":0,"parent":0,"menu_order":41,"comment_status":"closed","ping_status":"closed","template":"","meta":{"_acf_changed":false,"_monsterinsights_skip_tracking":false,"_monsterinsights_sitenote_active":false,"_monsterinsights_sitenote_note":"","_monsterinsights_sitenote_category":0,"footnotes":""},"class_list":["post-640","page","type-page","status-publish","hentry"],"acf":[],"aioseo_notices":[],"_links":{"self":[{"href":"https:\/\/synapse.it\/ro\/wp-json\/wp\/v2\/pages\/640","targetHints":{"allow":["GET"]}}],"collection":[{"href":"https:\/\/synapse.it\/ro\/wp-json\/wp\/v2\/pages"}],"about":[{"href":"https:\/\/synapse.it\/ro\/wp-json\/wp\/v2\/types\/page"}],"author":[{"embeddable":true,"href":"https:\/\/synapse.it\/ro\/wp-json\/wp\/v2\/users\/1"}],"replies":[{"embeddable":true,"href":"https:\/\/synapse.it\/ro\/wp-json\/wp\/v2\/comments?post=640"}],"version-history":[{"count":0,"href":"https:\/\/synapse.it\/ro\/wp-json\/wp\/v2\/pages\/640\/revisions"}],"wp:attachment":[{"href":"https:\/\/synapse.it\/ro\/wp-json\/wp\/v2\/media?parent=640"}],"curies":[{"name":"wp","href":"https:\/\/api.w.org\/{rel}","templated":true}]}}