{"id":651,"date":"2018-05-22T11:24:09","date_gmt":"2018-05-22T10:24:09","guid":{"rendered":"http:\/\/new.synapse.it\/pricelist-copy\/"},"modified":"2022-03-24T23:21:59","modified_gmt":"2022-03-24T23:21:59","slug":"brochure","status":"publish","type":"page","link":"https:\/\/synapse.it\/ro\/brochure\/","title":{"rendered":"Bro\u0219ura"},"content":{"rendered":"<div class=\"fusion-fullwidth fullwidth-box fusion-builder-row-1 fusion-flex-container nonhundred-percent-fullwidth non-hundred-percent-height-scrolling\" style=\"--awb-border-radius-top-left:0px;--awb-border-radius-top-right:0px;--awb-border-radius-bottom-right:0px;--awb-border-radius-bottom-left:0px;--awb-flex-wrap:wrap;\" ><div class=\"fusion-builder-row fusion-row fusion-flex-align-items-flex-start fusion-flex-content-wrap\" style=\"max-width:1248px;margin-left: calc(-4% \/ 2 );margin-right: calc(-4% \/ 2 );\"><div class=\"fusion-layout-column fusion_builder_column fusion-builder-column-0 fusion_builder_column_1_1 1_1 fusion-flex-column\" style=\"--awb-bg-blend:overlay;--awb-bg-size:cover;--awb-width-large:100%;--awb-margin-top-large:0px;--awb-spacing-right-large:1.92%;--awb-margin-bottom-large:0px;--awb-spacing-left-large:1.92%;--awb-width-medium:100%;--awb-spacing-right-medium:1.92%;--awb-spacing-left-medium:1.92%;--awb-width-small:100%;--awb-spacing-right-small:1.92%;--awb-spacing-left-small:1.92%;\"><div class=\"fusion-column-wrapper fusion-flex-justify-content-flex-start fusion-content-layout-column\"><div class=\"fusion-text fusion-text-1\" style=\"--awb-text-transform:none;\"><div class=\"_df_book df-container df-loading\" id=\"df_1065\"  title=\"synapse-it-brochure-2024\" _slug=\"synapse-it-brochure-2020\" wpoptions=\"true\" thumbtype=\"bg\" ><\/div><script data-cfasync=\"false\">var option_df_1065 = {\"outline\":[],\"forceFit\":\"true\",\"autoEnableOutline\":\"false\",\"autoEnableThumbnail\":\"false\",\"overwritePDFOutline\":\"false\",\"direction\":\"1\",\"pageSize\":\"0\",\"source\":\"https:\\\/\\\/synapse.it\\\/wp-content\\\/uploads\\\/2020\\\/07\\\/Synapse-Brochure-2024.pdf\",\"wpOptions\":\"true\"}; if(window.DFLIP && DFLIP.parseBooks){DFLIP.parseBooks();}<\/script>\n<\/div><div class=\"fusion-text fusion-text-2 fusion-text-no-margin\" style=\"--awb-text-transform:none;--awb-margin-top:50px;--awb-margin-bottom:50px;\"><p class=\"translation-block\">Bro\u0219ura noastr\u0103 actual\u0103 care detaliaz\u0103 toate produsele \u0219i serviciile noastre este disponibil\u0103 pentru vizualizare \u0219i desc\u0103rcare <a class=\"customize-unpreviewable\" href=\"https:\/\/k00.fr\/brochure\" target=\"_blank\" rel=\"noopener noreferrer\"><span style=\"color: #cc0066\"><strong>aici<\/strong><\/span><\/a><\/p>\n<\/div><\/div><\/div><\/div><\/div>","protected":false},"excerpt":{"rendered":"","protected":false},"author":1,"featured_media":0,"parent":0,"menu_order":21,"comment_status":"closed","ping_status":"closed","template":"","meta":{"_acf_changed":false,"_monsterinsights_skip_tracking":false,"_monsterinsights_sitenote_active":false,"_monsterinsights_sitenote_note":"","_monsterinsights_sitenote_category":0,"footnotes":""},"class_list":["post-651","page","type-page","status-publish","hentry"],"acf":[],"aioseo_notices":[],"_links":{"self":[{"href":"https:\/\/synapse.it\/ro\/wp-json\/wp\/v2\/pages\/651","targetHints":{"allow":["GET"]}}],"collection":[{"href":"https:\/\/synapse.it\/ro\/wp-json\/wp\/v2\/pages"}],"about":[{"href":"https:\/\/synapse.it\/ro\/wp-json\/wp\/v2\/types\/page"}],"author":[{"embeddable":true,"href":"https:\/\/synapse.it\/ro\/wp-json\/wp\/v2\/users\/1"}],"replies":[{"embeddable":true,"href":"https:\/\/synapse.it\/ro\/wp-json\/wp\/v2\/comments?post=651"}],"version-history":[{"count":0,"href":"https:\/\/synapse.it\/ro\/wp-json\/wp\/v2\/pages\/651\/revisions"}],"wp:attachment":[{"href":"https:\/\/synapse.it\/ro\/wp-json\/wp\/v2\/media?parent=651"}],"curies":[{"name":"wp","href":"https:\/\/api.w.org\/{rel}","templated":true}]}}